{"id":22325,"date":"2024-12-30T10:49:40","date_gmt":"2024-12-30T09:49:40","guid":{"rendered":"https:\/\/www.gourmandisedeluxe.com\/?post_type=product&#038;p=22325"},"modified":"2026-04-22T15:21:53","modified_gmt":"2026-04-22T13:21:53","slug":"kuhltasche-groses-modell","status":"publish","type":"product","link":"https:\/\/www.gourmandisedeluxe.com\/de\/sac-isotherme-grand-modele\/","title":{"rendered":"Gro\u00dfe K\u00fchltasche"},"content":{"rendered":"<p>Die <strong>Sac Isotherme Grand Mod\u00e8le Kaspia<\/strong> est la version g\u00e9n\u00e9reuse du sac de transport de la Maison \u2014 con\u00e7u pour transporter une commande compl\u00e8te : plusieurs bo\u00eetes de caviar, une bouteille de Champagne ou de vodka, et les accessoires de service dans un seul contenant. Sa structure rigide et ses parois isothermes renfrorc\u00e9es maintiennent le froid de fa\u00e7on fiable sur des dur\u00e9es \u00e9tendues.<\/p>\n<p>Le sac Kaspia est aussi un objet \u00e0 part enti\u00e8re : sa silhouette sign\u00e9e, imm\u00e9diatement identifiable, est celle d&#8217;une cliente de la Maison qui fait ses emplettes avec style. \u00c0 <strong>115\u20ac<\/strong>, il est un investissement durable pour qui commande r\u00e9guli\u00e8rement chez Kaspia. Lavage ext\u00e9rieur \u00e0 l&#8217;essuie-tout humide.<\/p>","protected":false},"excerpt":{"rendered":"<p>Gro\u00dfe runde K\u00fchltasche mit verstellbarem Schulterriemen, verziert mit dem emblematischen Kaspia-Motiv.<\/p>\n<p>Geeignet f\u00fcr Kaviar-Dosen bis zu 500 g<\/p>\n<p>Sehr begrenzte Menge!<\/p>","protected":false},"featured_media":22327,"comment_status":"open","ping_status":"closed","template":"","meta":[],"product_brand":[],"product_cat":[104,103,67],"product_tag":[],"class_list":{"0":"post-22325","1":"product","2":"type-product","3":"status-publish","4":"has-post-thumbnail","6":"product_cat-accessoires-kaspia","7":"product_cat-caviars-caviars","8":"product_cat-fetes","10":"first","11":"instock","12":"taxable","13":"shipping-taxable","14":"purchasable","15":"product-type-simple"},"_links":{"self":[{"href":"https:\/\/www.gourmandisedeluxe.com\/de\/wp-json\/wp\/v2\/product\/22325","targetHints":{"allow":["GET"]}}],"collection":[{"href":"https:\/\/www.gourmandisedeluxe.com\/de\/wp-json\/wp\/v2\/product"}],"about":[{"href":"https:\/\/www.gourmandisedeluxe.com\/de\/wp-json\/wp\/v2\/types\/product"}],"replies":[{"embeddable":true,"href":"https:\/\/www.gourmandisedeluxe.com\/de\/wp-json\/wp\/v2\/comments?post=22325"}],"version-history":[{"count":0,"href":"https:\/\/www.gourmandisedeluxe.com\/de\/wp-json\/wp\/v2\/product\/22325\/revisions"}],"wp:featuredmedia":[{"embeddable":true,"href":"https:\/\/www.gourmandisedeluxe.com\/de\/wp-json\/wp\/v2\/media\/22327"}],"wp:attachment":[{"href":"https:\/\/www.gourmandisedeluxe.com\/de\/wp-json\/wp\/v2\/media?parent=22325"}],"wp:term":[{"taxonomy":"product_brand","embeddable":true,"href":"https:\/\/www.gourmandisedeluxe.com\/de\/wp-json\/wp\/v2\/product_brand?post=22325"},{"taxonomy":"product_cat","embeddable":true,"href":"https:\/\/www.gourmandisedeluxe.com\/de\/wp-json\/wp\/v2\/product_cat?post=22325"},{"taxonomy":"product_tag","embeddable":true,"href":"https:\/\/www.gourmandisedeluxe.com\/de\/wp-json\/wp\/v2\/product_tag?post=22325"}],"curies":[{"name":"wp","href":"https:\/\/api.w.org\/{rel}","templated":true}]}}