{"id":22314,"date":"2024-12-30T10:35:36","date_gmt":"2024-12-30T09:35:36","guid":{"rendered":"https:\/\/www.gourmandisedeluxe.com\/?post_type=product&#038;p=22314"},"modified":"2026-04-22T13:27:27","modified_gmt":"2026-04-22T11:27:27","slug":"iranischer-beluga-kaviar","status":"publish","type":"product","link":"https:\/\/www.gourmandisedeluxe.com\/de\/caviar-beluga-iranien\/","title":{"rendered":"Iranischer Beluga-Kaviar"},"content":{"rendered":"<p>Iranischer Beluga-Kaviar ist der reinste Ausdruck von absolutem Luxus. Hervorgegangen aus dem St\u00f6r <em>Huso huso<\/em>, Er ist einer der gr\u00f6\u00dften S\u00fc\u00dfwasserfische der Welt und setzt eine Tradition der Exzellenz fort, die aus den 900 Meter tiefen Gew\u00e4ssern des Kaspischen Meeres stammt. Der Iran, der jahrzehntelang der gr\u00f6\u00dfte Produzent der Welt war, nutzte eine nat\u00fcrliche Umgebung von seltener Qualit\u00e4t: kaltes, kristallklares und au\u00dfergew\u00f6hnlich reines Wasser, das den einzigartigen Charakter dieses legend\u00e4ren St\u00f6rs formte.<\/p>\n<p>Seine gro\u00dfz\u00fcgigen Bohnen mit ihrer d\u00fcnnen, seidigen Haut haben eine perlgraue bis tiefgraue Farbe. Im Mund schmelzen sie sofort und setzen unglaublich milde Aromen frei - leicht buttrig, zart jodhaltig - mit einer bemerkenswerten aromatischen Nachhaltigkeit. Dieser Kaviar ben\u00f6tigt keine \u00fcberfl\u00fcssigen Beilagen: Ein einfacher Perlmuttl\u00f6ffel gen\u00fcgt, um seine ganze Komplexit\u00e4t zu genie\u00dfen.<\/p>\n<p>Zwischen -2\u00b0C und +2\u00b0C aufbewahren. Erh\u00e4ltlich von 30 g bis 1 kg, ist er ein au\u00dfergew\u00f6hnliches Geschenk oder das Schmuckst\u00fcck einer gehobenen Tafel. Begleiten Sie ihn mit einem Jahrgangschampagner oder einem Premium-Wodka f\u00fcr ein au\u00dfergew\u00f6hnliches sensorisches Erlebnis.<\/p>","protected":false},"excerpt":{"rendered":"<p>Der ebenso kostbare wie seltene Beluga-Kaviar gilt als der mildeste Kaviar.<br \/>\nSeine Eier mit ihrer d\u00fcnnen, hellgrauen\/dunkelgrauen Schale zergehen auf der Zunge und hinterlassen einen au\u00dfergew\u00f6hnlich subtilen Geschmack.<br \/>\nEr entwickelt sehr delikate Butteraromen und hat einen langen Abgang.<\/p>\n<p>Dieser Kaviar stammt vom St\u00f6r \u00abHuso huso\u00bb.<br \/>\nDer Iran war in den ersten Jahren der Nutzung der gr\u00f6\u00dfte Kaviarproduzent der Welt.<br \/>\nDer iranische Kaviar hat sich als \u2018der beste der Welt\u00ab etabliert, dank der nat\u00fcrlichen Umgebung, in der er urspr\u00fcnglich geerntet wurde: einem einzigartigen und au\u00dfergew\u00f6hnlichen Lebensraum.<br \/>\nDie Wasserqualit\u00e4t des Kaspischen Meeres, das an den Iran grenzt, seine Tiefe von bis zu 900 Metern und seine Sauberkeit ziehen seit langem St\u00f6re an.<\/p>\n<p>Bei -2 bis 2 \u00b0C lagern.<\/p>\n<p>&nbsp;<\/p>","protected":false},"featured_media":24390,"comment_status":"open","ping_status":"closed","template":"","meta":[],"product_brand":[],"product_cat":[103,67],"product_tag":[],"class_list":{"0":"post-22314","1":"product","2":"type-product","3":"status-publish","4":"has-post-thumbnail","6":"product_cat-caviars-caviars","7":"product_cat-fetes","9":"first","10":"instock","11":"taxable","12":"shipping-taxable","13":"purchasable","14":"product-type-variable"},"_links":{"self":[{"href":"https:\/\/www.gourmandisedeluxe.com\/de\/wp-json\/wp\/v2\/product\/22314","targetHints":{"allow":["GET"]}}],"collection":[{"href":"https:\/\/www.gourmandisedeluxe.com\/de\/wp-json\/wp\/v2\/product"}],"about":[{"href":"https:\/\/www.gourmandisedeluxe.com\/de\/wp-json\/wp\/v2\/types\/product"}],"replies":[{"embeddable":true,"href":"https:\/\/www.gourmandisedeluxe.com\/de\/wp-json\/wp\/v2\/comments?post=22314"}],"version-history":[{"count":0,"href":"https:\/\/www.gourmandisedeluxe.com\/de\/wp-json\/wp\/v2\/product\/22314\/revisions"}],"wp:featuredmedia":[{"embeddable":true,"href":"https:\/\/www.gourmandisedeluxe.com\/de\/wp-json\/wp\/v2\/media\/24390"}],"wp:attachment":[{"href":"https:\/\/www.gourmandisedeluxe.com\/de\/wp-json\/wp\/v2\/media?parent=22314"}],"wp:term":[{"taxonomy":"product_brand","embeddable":true,"href":"https:\/\/www.gourmandisedeluxe.com\/de\/wp-json\/wp\/v2\/product_brand?post=22314"},{"taxonomy":"product_cat","embeddable":true,"href":"https:\/\/www.gourmandisedeluxe.com\/de\/wp-json\/wp\/v2\/product_cat?post=22314"},{"taxonomy":"product_tag","embeddable":true,"href":"https:\/\/www.gourmandisedeluxe.com\/de\/wp-json\/wp\/v2\/product_tag?post=22314"}],"curies":[{"name":"wp","href":"https:\/\/api.w.org\/{rel}","templated":true}]}}