{"id":20750,"date":"2024-11-12T12:04:33","date_gmt":"2024-11-12T11:04:33","guid":{"rendered":"https:\/\/www.gourmandisedeluxe.com\/?post_type=product&#038;p=20750"},"modified":"2026-04-22T14:48:49","modified_gmt":"2026-04-22T12:48:49","slug":"ausergewohnliche-reise-rund-um-den-schwarzen-truffel","status":"publish","type":"product","link":"https:\/\/www.gourmandisedeluxe.com\/de\/voyage-dexception-autour-de-la-truffe-noire\/","title":{"rendered":"Au\u00c3\u0192\u00c5\u00b8ergew\u00c3\u0192\u00c2\u00b6hnliche Reise rund um den schwarzen Tr\u00c3\u0192\u00c2\u00bcffel"},"content":{"rendered":"<p>La truffe noire <em>Tuber Melanosporum<\/em> est l&#8217;une des mati\u00e8res premi\u00e8res les plus pr\u00e9cieuses de la gastronomie mondiale \u2014 r\u00e9colt\u00e9e en hiver dans les garrigues du P\u00e9rigord, du Vaucluse et d&#8217;Espagne, v\u00e9n\u00e9r\u00e9e depuis l&#8217;Antiquit\u00e9, impossible \u00e0 cultiver pleinement \u00e0 volont\u00e9. Ce coffret <strong>Voyage d&#8217;Exception autour de la Truffe Noire<\/strong> est le coffret le plus ambitieux de la Maison de la Truffe : une immersion totale dans l&#8217;univers de la Melanosporum, de la r\u00e9colte \u00e0 la table.<\/p>\n<p>La s\u00e9lection la plus g\u00e9n\u00e9reuse, la plus pr\u00e9cise et la plus compl\u00e8te de la gamme truffe noire de la Maison \u2014 produits frais ou transform\u00e9s, condiments, sauces, huiles, conserves d&#8217;exception \u2014 tout ce qui permet d&#8217;explorer la Melanosporum sous tous ses angles culinaires avec la profondeur qu&#8217;elle m\u00e9rite. Propos\u00e9 \u00e0 <strong>389\u20ac<\/strong>, c&#8217;est le cadeau gastronomique ultime.<\/p>\n<p>Pour les passionn\u00e9s de truffe noire qui veulent aller le plus loin possible, pour les grandes occasions qui exigent un cadeau \u00e0 la mesure de l&#8217;affection port\u00e9e, pour les tables de f\u00eate qui ne veulent faire aucun compromis. Livr\u00e9 dans un emballage d&#8217;exception sign\u00e9 Maison de la Truffe, avec les recommandations de d\u00e9gustation de la Maison.<\/p>","protected":false},"excerpt":{"rendered":"<p><em>Erh\u00e4ltlich ab dem 20. November<\/em><\/p>\n<p>Eine Geschenkbox mit einer Auswahl unserer sch\u00f6nsten Produkte mit schwarzem Tr\u00fcffel f\u00fcr eine echte kulinarische Reise.<\/p>\n<ul>\n<li>1 frische schwarze Tr\u00fcffel Melanosporum 50 g<\/li>\n<li>Tr\u00fcffel-Mandoline aus Olivenholz<\/li>\n<li>Schokoladentr\u00c3\u0192\u00c2\u00bcffel trompe l'oeil 150g<\/li>\n<li>Opinel-Messer Nr. 6 Maison de la Truffe x Opinel<\/li>\n<li>Kulinarische Zubereitung auf Basis von nativem Oliven\u00f6l extra, aromatisiert mit schwarzem Tr\u00fcffel, 200 ml<\/li>\n<li>Salzflocken mit schwarzem Tr\u00fcffel<\/li>\n<li>Schwarzer Tr\u00c3\u0192\u00c2\u00bcffel Bruch 50g<\/li>\n<li>Buch Der Tr\u00c3\u0192\u00c2\u00bcffel<\/li>\n<\/ul>\n<p><em>Lagerung: In einem trockenen und k\u00fchlen Raum vor Licht gesch\u00fctzt.<\/em><\/p>","protected":false},"featured_media":20752,"comment_status":"open","ping_status":"closed","template":"","meta":[],"product_brand":[],"product_cat":[153],"product_tag":[],"class_list":{"0":"post-20750","1":"product","2":"type-product","3":"status-publish","4":"has-post-thumbnail","6":"product_cat-coffrets-cadeaux-mdt","8":"first","9":"instock","10":"taxable","11":"shipping-taxable","12":"purchasable","13":"product-type-simple"},"_links":{"self":[{"href":"https:\/\/www.gourmandisedeluxe.com\/de\/wp-json\/wp\/v2\/product\/20750","targetHints":{"allow":["GET"]}}],"collection":[{"href":"https:\/\/www.gourmandisedeluxe.com\/de\/wp-json\/wp\/v2\/product"}],"about":[{"href":"https:\/\/www.gourmandisedeluxe.com\/de\/wp-json\/wp\/v2\/types\/product"}],"replies":[{"embeddable":true,"href":"https:\/\/www.gourmandisedeluxe.com\/de\/wp-json\/wp\/v2\/comments?post=20750"}],"version-history":[{"count":0,"href":"https:\/\/www.gourmandisedeluxe.com\/de\/wp-json\/wp\/v2\/product\/20750\/revisions"}],"wp:featuredmedia":[{"embeddable":true,"href":"https:\/\/www.gourmandisedeluxe.com\/de\/wp-json\/wp\/v2\/media\/20752"}],"wp:attachment":[{"href":"https:\/\/www.gourmandisedeluxe.com\/de\/wp-json\/wp\/v2\/media?parent=20750"}],"wp:term":[{"taxonomy":"product_brand","embeddable":true,"href":"https:\/\/www.gourmandisedeluxe.com\/de\/wp-json\/wp\/v2\/product_brand?post=20750"},{"taxonomy":"product_cat","embeddable":true,"href":"https:\/\/www.gourmandisedeluxe.com\/de\/wp-json\/wp\/v2\/product_cat?post=20750"},{"taxonomy":"product_tag","embeddable":true,"href":"https:\/\/www.gourmandisedeluxe.com\/de\/wp-json\/wp\/v2\/product_tag?post=20750"}],"curies":[{"name":"wp","href":"https:\/\/api.w.org\/{rel}","templated":true}]}}