{"id":20737,"date":"2024-11-13T12:22:45","date_gmt":"2024-11-13T11:22:45","guid":{"rendered":"https:\/\/www.gourmandisedeluxe.com\/?post_type=product&#038;p=20737"},"modified":"2026-04-22T14:47:54","modified_gmt":"2026-04-22T12:47:54","slug":"die-grosen-klassiker","status":"publish","type":"product","link":"https:\/\/www.gourmandisedeluxe.com\/de\/les-grands-classiques\/","title":{"rendered":"Die gro\u00c3\u0192\u00c5\u00b8en Klassiker"},"content":{"rendered":"<p>Les grands classiques de la Maison de la Truffe r\u00e9unis dans un seul coffret : voil\u00e0 ce que propose ce <strong>Coffret Les Grands Classiques<\/strong>, compos\u00e9 des produits les plus iconiques et les plus pl\u00e9biscit\u00e9s de la gamme MDT depuis des ann\u00e9es. Tartufata, huile truff\u00e9e, moutarde, sauce \u2014 autant de r\u00e9f\u00e9rences qui ont fid\u00e9lis\u00e9 des g\u00e9n\u00e9rations de clients et qui continuent de faire la r\u00e9putation de la Maison dans le monde entier.<\/p>\n<p>Ce coffret est \u00e0 la fois une introduction parfaite pour le n\u00e9ophyte et un classique r\u00e9confortant pour l&#8217;habitu\u00e9 : ces produits-l\u00e0 ne d\u00e9cevront jamais, ne vieilliront pas, et seront toujours utilis\u00e9s jusqu&#8217;au dernier. Propos\u00e9 \u00e0 <strong>99\u20ac<\/strong>, il repr\u00e9sente l&#8217;investissement id\u00e9al pour qui veut offrir un cadeau gastronomique s\u00fbr et de grande qualit\u00e9.<\/p>\n<p>Un cadeau d&#8217;entreprise gastronomique id\u00e9al, un cadeau de f\u00eate de fin d&#8217;ann\u00e9e incontournable, un anniversaire r\u00e9ussi. Les grands classiques ne se d\u00e9modent pas \u2014 ils s&#8217;appr\u00e9cient, se retrouvent et se transmettent. Livr\u00e9 dans l&#8217;emballage signature de la Maison, pr\u00eat \u00e0 offrir sans autre formalit\u00e9.<\/p>","protected":false},"excerpt":{"rendered":"<p>Ein Set, mit dem Sie mit den gro\u00dfen Klassikern mit wei\u00dfer Tr\u00fcffel und schwarzer Tr\u00fcffel nichts falsch machen k\u00f6nnen.<\/p>\n<ul>\n<li>Kulinarische Zubereitung auf Basis von nativem Oliven\u00f6l extra, aromatisiert mit schwarzem Tr\u00fcffel, 200 ml<\/li>\n<li>Kulinarische Zubereitung auf Basis von nativem Oliven\u00f6l extra, aromatisiert mit wei\u00dfem Tr\u00fcffel, 200 ml<\/li>\n<li>Balsamico-Reduktion mit Tr\u00fcffel 100 ml<\/li>\n<li>Salzflocken mit schwarzem Tr\u00fcffel<\/li>\n<\/ul>","protected":false},"featured_media":20723,"comment_status":"open","ping_status":"closed","template":"","meta":[],"product_brand":[],"product_cat":[153,185,110],"product_tag":[],"class_list":{"0":"post-20737","1":"product","2":"type-product","3":"status-publish","4":"has-post-thumbnail","6":"product_cat-coffrets-cadeaux-mdt","7":"product_cat-noel-2025","8":"product_cat-nos-idees-cadeaux","10":"first","11":"instock","12":"taxable","13":"shipping-taxable","14":"purchasable","15":"product-type-simple"},"_links":{"self":[{"href":"https:\/\/www.gourmandisedeluxe.com\/de\/wp-json\/wp\/v2\/product\/20737","targetHints":{"allow":["GET"]}}],"collection":[{"href":"https:\/\/www.gourmandisedeluxe.com\/de\/wp-json\/wp\/v2\/product"}],"about":[{"href":"https:\/\/www.gourmandisedeluxe.com\/de\/wp-json\/wp\/v2\/types\/product"}],"replies":[{"embeddable":true,"href":"https:\/\/www.gourmandisedeluxe.com\/de\/wp-json\/wp\/v2\/comments?post=20737"}],"version-history":[{"count":0,"href":"https:\/\/www.gourmandisedeluxe.com\/de\/wp-json\/wp\/v2\/product\/20737\/revisions"}],"wp:featuredmedia":[{"embeddable":true,"href":"https:\/\/www.gourmandisedeluxe.com\/de\/wp-json\/wp\/v2\/media\/20723"}],"wp:attachment":[{"href":"https:\/\/www.gourmandisedeluxe.com\/de\/wp-json\/wp\/v2\/media?parent=20737"}],"wp:term":[{"taxonomy":"product_brand","embeddable":true,"href":"https:\/\/www.gourmandisedeluxe.com\/de\/wp-json\/wp\/v2\/product_brand?post=20737"},{"taxonomy":"product_cat","embeddable":true,"href":"https:\/\/www.gourmandisedeluxe.com\/de\/wp-json\/wp\/v2\/product_cat?post=20737"},{"taxonomy":"product_tag","embeddable":true,"href":"https:\/\/www.gourmandisedeluxe.com\/de\/wp-json\/wp\/v2\/product_tag?post=20737"}],"curies":[{"name":"wp","href":"https:\/\/api.w.org\/{rel}","templated":true}]}}