{"id":20734,"date":"2024-11-13T12:22:51","date_gmt":"2024-11-13T11:22:51","guid":{"rendered":"https:\/\/www.gourmandisedeluxe.com\/?post_type=product&#038;p=20734"},"modified":"2026-04-22T14:48:49","modified_gmt":"2026-04-22T12:48:49","slug":"ein-festliches-truffeldinner","status":"publish","type":"product","link":"https:\/\/www.gourmandisedeluxe.com\/de\/un-diner-de-fete-a-la-truffe\/","title":{"rendered":"Ein festliches Tr\u00fcffel-Dinner"},"content":{"rendered":"<p>Un diner de f\u00eate enti\u00e8rement pens\u00e9 autour de la truffe, de l&#8217;entr\u00e9e au dessert, avec tout ce qu&#8217;il faut pour que chaque plat soit \u00e0 la hauteur de l&#8217;occasion : c&#8217;est la promesse du coffret <strong>Un D\u00eener de F\u00eate \u00e0 la Truffe<\/strong>. La s\u00e9lection la plus g\u00e9n\u00e9reuse et la plus compl\u00e8te du catalogue MDT, con\u00e7ue pour les tablees exigeantes qui ne font pas les choses \u00e0 moiti\u00e9.<\/p>\n<p>Huiles de finition, condiments de table, produits pour cuisiner, pr\u00e9parations pr\u00eates \u00e0 d\u00e9guster \u2014 ce coffret couvre l&#8217;int\u00e9gralit\u00e9 du repas avec une g\u00e9n\u00e9rosit\u00e9 et une pr\u00e9cision qui t\u00e9moignent du soin mis dans sa composition. Chaque produit a \u00e9t\u00e9 choisi pour son niveau d&#8217;excellence et sa compl\u00e9mentarit\u00e9 avec les autres. Propos\u00e9 \u00e0 <strong>172\u20ac<\/strong>.<\/p>\n<p>Le cadeau gastronomique ultime pour les grandes occasions : anniversaire important, f\u00eate de fin d&#8217;ann\u00e9e, cadeau d&#8217;entreprise premium ou cadeau pour les amis les plus gourmets de votre cercle. Il n&#8217;y a pas de meilleure fa\u00e7on de dire \u00ab j&#8217;ai pens\u00e9 \u00e0 toi \u00bb que de leur offrir un diner entier. Livr\u00e9 dans l&#8217;emballage cadeau de la Maison, pr\u00eat \u00e0 offrir.<\/p>","protected":false},"excerpt":{"rendered":"<p>Ein Set f\u00fcr ein festliches Abendessen zu zweit rund um die Sommertr\u00fcffel und die schwarze Tr\u00fcffel<\/p>\n<ul>\n<li>Kulinarische Zubereitung auf Basis von nativem Oliven\u00f6l extra, aromatisiert mit schwarzem Tr\u00fcffel, 200 ml<\/li>\n<li>Zubereitung auf Basis von grauem Salz aus Gu\u00e9rande mit Sommertr\u00fcffeln 1% 100 g<\/li>\n<li>Tagliatelle mit Sommertr\u00fcffeln 250 g<\/li>\n<li>Parmigiano Reggiano-K\u00e4secreme mit Sommertr\u00fcffel \u00e9% 90 g<\/li>\n<li>Ch\u00e2teau Lacombe Noaillac 2016 Bordeaux rot M\u00e9doc 75 cl<\/li>\n<li>Schokoladentr\u00c3\u0192\u00c2\u00bcffel trompe l'oeil 150g<\/li>\n<li>Opinel-Messer Nr. 6 Maison de la Truffe x Opinel<\/li>\n<\/ul>\n<p><em>Lagerung: In einem trockenen und k\u00fchlen Raum vor Licht gesch\u00fctzt.<\/em><\/p>","protected":false},"featured_media":20735,"comment_status":"open","ping_status":"closed","template":"","meta":[],"product_brand":[],"product_cat":[153,185],"product_tag":[],"class_list":{"0":"post-20734","1":"product","2":"type-product","3":"status-publish","4":"has-post-thumbnail","6":"product_cat-coffrets-cadeaux-mdt","7":"product_cat-noel-2025","9":"first","10":"instock","11":"taxable","12":"shipping-taxable","13":"purchasable","14":"product-type-simple"},"_links":{"self":[{"href":"https:\/\/www.gourmandisedeluxe.com\/de\/wp-json\/wp\/v2\/product\/20734","targetHints":{"allow":["GET"]}}],"collection":[{"href":"https:\/\/www.gourmandisedeluxe.com\/de\/wp-json\/wp\/v2\/product"}],"about":[{"href":"https:\/\/www.gourmandisedeluxe.com\/de\/wp-json\/wp\/v2\/types\/product"}],"replies":[{"embeddable":true,"href":"https:\/\/www.gourmandisedeluxe.com\/de\/wp-json\/wp\/v2\/comments?post=20734"}],"version-history":[{"count":0,"href":"https:\/\/www.gourmandisedeluxe.com\/de\/wp-json\/wp\/v2\/product\/20734\/revisions"}],"wp:featuredmedia":[{"embeddable":true,"href":"https:\/\/www.gourmandisedeluxe.com\/de\/wp-json\/wp\/v2\/media\/20735"}],"wp:attachment":[{"href":"https:\/\/www.gourmandisedeluxe.com\/de\/wp-json\/wp\/v2\/media?parent=20734"}],"wp:term":[{"taxonomy":"product_brand","embeddable":true,"href":"https:\/\/www.gourmandisedeluxe.com\/de\/wp-json\/wp\/v2\/product_brand?post=20734"},{"taxonomy":"product_cat","embeddable":true,"href":"https:\/\/www.gourmandisedeluxe.com\/de\/wp-json\/wp\/v2\/product_cat?post=20734"},{"taxonomy":"product_tag","embeddable":true,"href":"https:\/\/www.gourmandisedeluxe.com\/de\/wp-json\/wp\/v2\/product_tag?post=20734"}],"curies":[{"name":"wp","href":"https:\/\/api.w.org\/{rel}","templated":true}]}}