{"id":20728,"date":"2024-11-13T12:22:37","date_gmt":"2024-11-13T11:22:37","guid":{"rendered":"https:\/\/www.gourmandisedeluxe.com\/?post_type=product&#038;p=20728"},"modified":"2026-04-22T14:46:58","modified_gmt":"2026-04-22T12:46:58","slug":"les-delices-a-la-truffe-dete","status":"publish","type":"product","link":"https:\/\/www.gourmandisedeluxe.com\/de\/les-delices-a-la-truffe-dete\/","title":{"rendered":"K\u00f6stlichkeiten mit Sommertr\u00fcffeln"},"content":{"rendered":"<p>La truffe d&#8217;et\u00e9, <em>Tuber Aestivum<\/em>, est la grande d\u00e9mocratique de la truffe : plus accessible que la Melanosporum d&#8217;hiver, elle n&#8217;en reste pas moins un champignon d&#8217;une finesse r\u00e9elle, aux ar\u00f4mes de noisette, d&#8217;humus et de sous-bois qui s&#8217;int\u00e8grent avec naturel dans une grande vari\u00e9t\u00e9 de pr\u00e9parations. Le coffret <strong>Les D\u00e9lices \u00e0 la Truffe d&#8217;Et\u00e9<\/strong> en explore les meilleures expressions.<\/p>\n<p>S\u00e9lectionn\u00e9 pour sa coh\u00e9rence aromatique et sa diversit\u00e9 culinaire, il r\u00e9unit les produits les plus repr\u00e9sentatifs de la gamme truffe d&#8217;et\u00e9 de la Maison : condiments, pates, huiles ou sauces, chacun illustrant une facette de cet ingredient accessible et versatile. Un coffret id\u00e9al pour d\u00e9couvrir la truffe sans intimidation, propos\u00e9 \u00e0 <strong>58\u20ac<\/strong>.<\/p>\n<p>Le cadeau parfait pour initier un ami \u00e0 l&#8217;univers de la truffe de mani\u00e8re progressive et d\u00e9licate, pour enrichir la cuisine d&#8217;un amateur de bons produits, ou pour composer un panier gourmand \u00e9quilibr\u00e9. Livr\u00e9 dans l&#8217;emballage signature de la Maison de la Truffe, pr\u00eat \u00e0 offrir pour toute occasion festive.<\/p>","protected":false},"excerpt":{"rendered":"<p>Eine Auswahl an Aromen, die das Aroma der Sommertr\u00fcffel zur Geltung bringen<\/p>\n<ul>\n<li>Parmigiano Reggiano-K\u00e4secreme mit Sommertr\u00fcffel 2% 90 g<\/li>\n<li>Oliven-Delikatesse mit Sommertr\u00fcffel 180 g<\/li>\n<li>Tartufata mit Sommertr\u00fcffeln 5% 90 g<\/li>\n<li>Pistazienpesto mit Sommertr\u00fcffelgeschmack 90 g<\/li>\n<\/ul>\n<p><em>Lagerung: In einem trockenen und k\u00fchlen Raum vor Licht gesch\u00fctzt.<\/em><\/p>","protected":false},"featured_media":23941,"comment_status":"open","ping_status":"closed","template":"","meta":[],"product_brand":[],"product_cat":[153,185],"product_tag":[],"class_list":{"0":"post-20728","1":"product","2":"type-product","3":"status-publish","4":"has-post-thumbnail","6":"product_cat-coffrets-cadeaux-mdt","7":"product_cat-noel-2025","9":"first","10":"instock","11":"taxable","12":"shipping-taxable","13":"purchasable","14":"product-type-simple"},"_links":{"self":[{"href":"https:\/\/www.gourmandisedeluxe.com\/de\/wp-json\/wp\/v2\/product\/20728","targetHints":{"allow":["GET"]}}],"collection":[{"href":"https:\/\/www.gourmandisedeluxe.com\/de\/wp-json\/wp\/v2\/product"}],"about":[{"href":"https:\/\/www.gourmandisedeluxe.com\/de\/wp-json\/wp\/v2\/types\/product"}],"replies":[{"embeddable":true,"href":"https:\/\/www.gourmandisedeluxe.com\/de\/wp-json\/wp\/v2\/comments?post=20728"}],"version-history":[{"count":0,"href":"https:\/\/www.gourmandisedeluxe.com\/de\/wp-json\/wp\/v2\/product\/20728\/revisions"}],"wp:featuredmedia":[{"embeddable":true,"href":"https:\/\/www.gourmandisedeluxe.com\/de\/wp-json\/wp\/v2\/media\/23941"}],"wp:attachment":[{"href":"https:\/\/www.gourmandisedeluxe.com\/de\/wp-json\/wp\/v2\/media?parent=20728"}],"wp:term":[{"taxonomy":"product_brand","embeddable":true,"href":"https:\/\/www.gourmandisedeluxe.com\/de\/wp-json\/wp\/v2\/product_brand?post=20728"},{"taxonomy":"product_cat","embeddable":true,"href":"https:\/\/www.gourmandisedeluxe.com\/de\/wp-json\/wp\/v2\/product_cat?post=20728"},{"taxonomy":"product_tag","embeddable":true,"href":"https:\/\/www.gourmandisedeluxe.com\/de\/wp-json\/wp\/v2\/product_tag?post=20728"}],"curies":[{"name":"wp","href":"https:\/\/api.w.org\/{rel}","templated":true}]}}