{"id":20725,"date":"2024-11-13T12:22:27","date_gmt":"2024-11-13T11:22:27","guid":{"rendered":"https:\/\/www.gourmandisedeluxe.com\/?post_type=product&#038;p=20725"},"modified":"2026-04-22T14:46:58","modified_gmt":"2026-04-22T12:46:58","slug":"die-geschmacksrichtungen-weiser-truffel","status":"publish","type":"product","link":"https:\/\/www.gourmandisedeluxe.com\/de\/les-saveurs-truffe-blanche\/","title":{"rendered":"Die Geschmacksrichtungen Wei\u00c3\u0192\u00c5\u00b8er Tr\u00c3\u0192\u00c2\u00bcffel"},"content":{"rendered":"<p>Der wei\u00dfe Alba-Tr\u00fcffel ist der wertvollste, seltenste und aromatischste aller Tr\u00fcffel. Dieses Set <strong>Die Geschmacksrichtungen Wei\u00dfer Tr\u00fcffel<\/strong> f\u00e4ngt die repr\u00e4sentativsten Ausdrucksformen in einer Auswahl von Produkten ein, die von La Maison de la Truffe sorgf\u00e4ltig ausgew\u00e4hlt wurden, weil sie die einzigartigen Aromen des Tuber Magnatum vermitteln: blumig, all\u00f6zisch, intensiv und lang anhaltend.<\/p>\n<p>Jedes Produkt in der Box wurde aufgrund seiner Qualit\u00e4t und seiner Komplementarit\u00e4t zu den anderen ausgew\u00e4hlt: Zusammen erm\u00f6glichen sie es, den wei\u00dfen Tr\u00fcffel aus verschiedenen kulinarischen Blickwinkeln zu erkunden, vom \u00d6l zum Verfeinern bis hin zum Tischgew\u00fcrz. Eine einzigartige aromatische Reise, die angeboten wird, um <strong>47\u20ac<\/strong>, Das Restaurant ist ein idealer Ort f\u00fcr alle, die neugierig auf gehobene Gastronomie sind.<\/p>\n<p>Perfektes Geschenk f\u00fcr einen Liebhaber der italienischen Gastronomie, einen leidenschaftlichen Fan von wei\u00dfem Tr\u00fcffel oder jeden, der noch nie die Gelegenheit hatte, dieses au\u00dfergew\u00f6hnliche Aroma-Universum zu erkunden. Geliefert in der Geschenkverpackung des Hauses, bereit zum Verschenken zum Geburtstag, zu Feiertagen oder zu jedem anderen Moment, der das Extradringende verdient.<\/p>","protected":false},"excerpt":{"rendered":"<p>Ein Set, um die ganze Raffinesse der wei\u00dfen Tr\u00fcffel aus Alba zu entdecken<\/p>\n<ul>\n<li>Kulinarische Zubereitung auf Basis von nativem Oliven\u00f6l extra, aromatisiert mit wei\u00dfem Tr\u00fcffel, 200 ml<\/li>\n<li>Lebensmittelzubereitung auf Basis von grauem Salz aus Gu\u00e9rande IGP mit wei\u00dfen Tr\u00fcffeln 30 g<\/li>\n<\/ul>\n<p><em>Lagerung: In einem trockenen und k\u00fchlen Raum vor Licht gesch\u00fctzt.<\/em><\/p>","protected":false},"featured_media":20726,"comment_status":"open","ping_status":"closed","template":"","meta":[],"product_brand":[],"product_cat":[153,185],"product_tag":[],"class_list":{"0":"post-20725","1":"product","2":"type-product","3":"status-publish","4":"has-post-thumbnail","6":"product_cat-coffrets-cadeaux-mdt","7":"product_cat-noel-2025","9":"first","10":"instock","11":"taxable","12":"shipping-taxable","13":"purchasable","14":"product-type-simple"},"_links":{"self":[{"href":"https:\/\/www.gourmandisedeluxe.com\/de\/wp-json\/wp\/v2\/product\/20725","targetHints":{"allow":["GET"]}}],"collection":[{"href":"https:\/\/www.gourmandisedeluxe.com\/de\/wp-json\/wp\/v2\/product"}],"about":[{"href":"https:\/\/www.gourmandisedeluxe.com\/de\/wp-json\/wp\/v2\/types\/product"}],"replies":[{"embeddable":true,"href":"https:\/\/www.gourmandisedeluxe.com\/de\/wp-json\/wp\/v2\/comments?post=20725"}],"version-history":[{"count":0,"href":"https:\/\/www.gourmandisedeluxe.com\/de\/wp-json\/wp\/v2\/product\/20725\/revisions"}],"wp:featuredmedia":[{"embeddable":true,"href":"https:\/\/www.gourmandisedeluxe.com\/de\/wp-json\/wp\/v2\/media\/20726"}],"wp:attachment":[{"href":"https:\/\/www.gourmandisedeluxe.com\/de\/wp-json\/wp\/v2\/media?parent=20725"}],"wp:term":[{"taxonomy":"product_brand","embeddable":true,"href":"https:\/\/www.gourmandisedeluxe.com\/de\/wp-json\/wp\/v2\/product_brand?post=20725"},{"taxonomy":"product_cat","embeddable":true,"href":"https:\/\/www.gourmandisedeluxe.com\/de\/wp-json\/wp\/v2\/product_cat?post=20725"},{"taxonomy":"product_tag","embeddable":true,"href":"https:\/\/www.gourmandisedeluxe.com\/de\/wp-json\/wp\/v2\/product_tag?post=20725"}],"curies":[{"name":"wp","href":"https:\/\/api.w.org\/{rel}","templated":true}]}}