{"id":20380,"date":"2024-10-14T17:32:25","date_gmt":"2024-10-14T15:32:25","guid":{"rendered":"https:\/\/www.gourmandisedeluxe.com\/?post_type=product&#038;p=20380"},"modified":"2026-04-22T15:15:59","modified_gmt":"2026-04-22T13:15:59","slug":"melgaard-fine-scarf-pink","status":"publish","type":"product","link":"https:\/\/www.gourmandisedeluxe.com\/de\/melgaard-fine-scarf-pink\/","title":{"rendered":"Melgaard Fine Scarf Pink"},"content":{"rendered":"<p><strong>Bjarne Melgaard<\/strong> est un artiste contemporain norv\u00e9gien install\u00e9 \u00e0 New York, c\u00e9l\u00e8bre pour ses oeuvres provocatrices et sa collaboration avec les plus grandes marques de mode et de luxe. La collaboration Melgaard x Kaspia donne naissance \u00e0 une ligne de v\u00eatements et accessoires o\u00f9 l&#8217;iconographie de l&#8217;artiste dialogue avec les codes visuels de la Maison.<\/p>\n<p>L&#8217;<strong>\u00c9charpe Fine Melgaard Pink<\/strong> est le rose plein de la collection \u2014 plus affirm\u00e9 que le rose clair, plus joyeux que le blanc cass\u00e9. L&#8217;imprim\u00e9 Melgaard x Kaspia y d\u00e9ploie sa palette color\u00e9e avec un punch visuel imm\u00e9diat. M\u00eame format et m\u00eame mati\u00e8re fine et l\u00e9g\u00e8re que les autres \u00e9charpes de la collection. Propos\u00e9e \u00e0 <strong>250\u20ac<\/strong>.<\/p>\n<p>\u00c9dition limit\u00e9e. Pour celles qui assument la couleur et les collaborations d&#8217;auteur.<\/p>","protected":false},"excerpt":{"rendered":"<p>Gr\u00c3\u0192\u00c2\u00b6\u00c3\u0192\u00c5\u00b8e: 80\u00c3\u0192\u00e2\u20ac\u201d80 cm<br \/>\nFransenr\u00e4nder<br \/>\nDigitaldruck<\/p>\n<p>Dieses Einzelst\u00fcck ist Teil einer Kapselkollektion, die wir in Zusammenarbeit mit dem norwegischen K\u00fcnstler Bjarne Melgaard und Holzweiler entworfen haben. Der\u00a0<strong>Melgaard Fine Scarf<\/strong>\u00a0ist aus Seide mit Fransen an den R\u00e4ndern gefertigt und mit einem Kunstwerk bedruckt, das Melgaard speziell f\u00fcr diese Zusammenarbeit geschaffen hat.<\/p>","protected":false},"featured_media":24630,"comment_status":"open","ping_status":"closed","template":"","meta":[],"product_brand":[],"product_cat":[182,185],"product_tag":[],"class_list":{"0":"post-20380","1":"product","2":"type-product","3":"status-publish","4":"has-post-thumbnail","6":"product_cat-collections","7":"product_cat-noel-2025","9":"first","10":"instock","11":"taxable","12":"shipping-taxable","13":"purchasable","14":"product-type-simple"},"_links":{"self":[{"href":"https:\/\/www.gourmandisedeluxe.com\/de\/wp-json\/wp\/v2\/product\/20380","targetHints":{"allow":["GET"]}}],"collection":[{"href":"https:\/\/www.gourmandisedeluxe.com\/de\/wp-json\/wp\/v2\/product"}],"about":[{"href":"https:\/\/www.gourmandisedeluxe.com\/de\/wp-json\/wp\/v2\/types\/product"}],"replies":[{"embeddable":true,"href":"https:\/\/www.gourmandisedeluxe.com\/de\/wp-json\/wp\/v2\/comments?post=20380"}],"version-history":[{"count":0,"href":"https:\/\/www.gourmandisedeluxe.com\/de\/wp-json\/wp\/v2\/product\/20380\/revisions"}],"wp:featuredmedia":[{"embeddable":true,"href":"https:\/\/www.gourmandisedeluxe.com\/de\/wp-json\/wp\/v2\/media\/24630"}],"wp:attachment":[{"href":"https:\/\/www.gourmandisedeluxe.com\/de\/wp-json\/wp\/v2\/media?parent=20380"}],"wp:term":[{"taxonomy":"product_brand","embeddable":true,"href":"https:\/\/www.gourmandisedeluxe.com\/de\/wp-json\/wp\/v2\/product_brand?post=20380"},{"taxonomy":"product_cat","embeddable":true,"href":"https:\/\/www.gourmandisedeluxe.com\/de\/wp-json\/wp\/v2\/product_cat?post=20380"},{"taxonomy":"product_tag","embeddable":true,"href":"https:\/\/www.gourmandisedeluxe.com\/de\/wp-json\/wp\/v2\/product_tag?post=20380"}],"curies":[{"name":"wp","href":"https:\/\/api.w.org\/{rel}","templated":true}]}}