{"id":20370,"date":"2024-10-14T17:21:40","date_gmt":"2024-10-14T15:21:40","guid":{"rendered":"https:\/\/www.gourmandisedeluxe.com\/?post_type=product&#038;p=20370"},"modified":"2026-04-22T15:16:47","modified_gmt":"2026-04-22T13:16:47","slug":"melgaard-embroidery-tee-white","status":"publish","type":"product","link":"https:\/\/www.gourmandisedeluxe.com\/de\/melgaard-embroidery-tee-white\/","title":{"rendered":"Melgaard Embroidery Tee Wei\u00c3\u0192\u00c5\u00b8"},"content":{"rendered":"<p><strong>Bjarne Melgaard<\/strong> ist ein zeitgen\u00f6ssischer norwegischer K\u00fcnstler, dessen Zusammenarbeit mit Mode- und Luxush\u00e4usern die internationale Kunstszene gepr\u00e4gt hat. Dieser <strong>Melgaard Embroidery Tee Wei\u00c3\u0192\u00c5\u00b8<\/strong> ist die bestickte Version des Signature-T-Shirts der Zusammenarbeit Melgaard x Kaspia: Der grafische Druck wird hier als applizierte Stickerei auf wei\u00dfer Baumwolle wiedergegeben, was ihm im Vergleich zur Standarddruckversion eine zus\u00e4tzliche Textur und Tiefe verleiht. Die sorgf\u00e4ltig ausgef\u00fchrte Stickerei verleiht dem St\u00fcck eine taktile und handwerkliche Dimension.<\/p>\n<p>Die Baumwolle ist Premium-Baumwolle, der Schnitt ist Oversize und zeitgem\u00e4\u00df, das leuchtende Wei\u00df hebt die Stickereiarbeit mit maximaler Klarheit hervor. Ein Sammlerst\u00fcck, das von der Sorgfalt zeugt, die jedem Detail der Zusammenarbeit zwischen dem K\u00fcnstler und dem Haus gewidmet wurde. Angeboten bei <strong>170\u20ac<\/strong>.<\/p>\n<p>Limitierte Auflage, die nicht verl\u00e4ngert wird. F\u00fcr Liebhaber von Textilkunst und exklusiven Kollaborationen zwischen K\u00fcnstlern und Prestigeh\u00e4usern. Bei 30\u00b0 auf links gewaschen, nat\u00fcrlich getrocknet, um die Stickerei zu erhalten.<\/p>","protected":false},"excerpt":{"rendered":"<p>L\u00e4ssiger Schnitt<br \/>\nStickerei<br \/>\nRundhalsausschnitt<br \/>\nH\u00e4ngende Schultern<\/p>\n<p>Dieses Einzelst\u00fcck ist Teil einer Kapselkollektion, die wir in Zusammenarbeit mit dem norwegischen K\u00fcnstler Bjarne Melgaard und Holzweiler entworfen haben. Der\u00a0<strong>Melgaard Embroidery T-Shirt<\/strong>\u00a0ist mit der vom K\u00fcnstler geschaffenen Figur \u201cMr Caviar\u201d verziert und hat einen l\u00e4ssigen Schnitt.<\/p>","protected":false},"featured_media":24593,"comment_status":"open","ping_status":"closed","template":"","meta":[],"product_brand":[],"product_cat":[182,185],"product_tag":[],"class_list":{"0":"post-20370","1":"product","2":"type-product","3":"status-publish","4":"has-post-thumbnail","6":"product_cat-collections","7":"product_cat-noel-2025","9":"first","10":"instock","11":"taxable","12":"shipping-taxable","13":"purchasable","14":"product-type-variable"},"_links":{"self":[{"href":"https:\/\/www.gourmandisedeluxe.com\/de\/wp-json\/wp\/v2\/product\/20370","targetHints":{"allow":["GET"]}}],"collection":[{"href":"https:\/\/www.gourmandisedeluxe.com\/de\/wp-json\/wp\/v2\/product"}],"about":[{"href":"https:\/\/www.gourmandisedeluxe.com\/de\/wp-json\/wp\/v2\/types\/product"}],"replies":[{"embeddable":true,"href":"https:\/\/www.gourmandisedeluxe.com\/de\/wp-json\/wp\/v2\/comments?post=20370"}],"version-history":[{"count":0,"href":"https:\/\/www.gourmandisedeluxe.com\/de\/wp-json\/wp\/v2\/product\/20370\/revisions"}],"wp:featuredmedia":[{"embeddable":true,"href":"https:\/\/www.gourmandisedeluxe.com\/de\/wp-json\/wp\/v2\/media\/24593"}],"wp:attachment":[{"href":"https:\/\/www.gourmandisedeluxe.com\/de\/wp-json\/wp\/v2\/media?parent=20370"}],"wp:term":[{"taxonomy":"product_brand","embeddable":true,"href":"https:\/\/www.gourmandisedeluxe.com\/de\/wp-json\/wp\/v2\/product_brand?post=20370"},{"taxonomy":"product_cat","embeddable":true,"href":"https:\/\/www.gourmandisedeluxe.com\/de\/wp-json\/wp\/v2\/product_cat?post=20370"},{"taxonomy":"product_tag","embeddable":true,"href":"https:\/\/www.gourmandisedeluxe.com\/de\/wp-json\/wp\/v2\/product_tag?post=20370"}],"curies":[{"name":"wp","href":"https:\/\/api.w.org\/{rel}","templated":true}]}}