{"id":20314,"date":"2024-09-30T18:25:14","date_gmt":"2024-09-30T16:25:14","guid":{"rendered":"https:\/\/www.gourmandisedeluxe.com\/?post_type=product&#038;p=20314"},"modified":"2026-04-22T13:37:29","modified_gmt":"2026-04-22T11:37:29","slug":"champagne-brut-prestige-maison-de-la-truffe","status":"publish","type":"product","link":"https:\/\/www.gourmandisedeluxe.com\/de\/champagne-brut-prestige-maison-de-la-truffe\/","title":{"rendered":"Champagne Brut Prestige Maison de la Truffe"},"content":{"rendered":"<p>Der Champagne Brut Prestige Maison de la Truffe ist eine Assemblage, die speziell f\u00fcr die Begleitung der gastronomischen Verkostungen des Hauses entwickelt wurde - sei es der Kaspia-Kaviar, die frischen Tr\u00fcffel oder das gesamte Feinkostangebot. Es ist ein Champagner, der f\u00fcr die Tafel, f\u00fcr gro\u00dfe Momente und f\u00fcr anspruchsvolle Gaumen konzipiert wurde.<\/p>\n<p>Besonders samtig im Mund, mit feinem, lang anhaltendem Schaum, der perfekt integriert ist. Sein Aromaprofil entfaltet fruchtige Noten - Goldener Apfel, Birne, wei\u00dfer Pfirsich -, die von sch\u00f6nen Noten von Baumstumpf, lauwarmer Brioche und Akazienhonig unterstrichen werden. Die Struktur ist lebhaft, aber ausgewogen, und der lange Abgang ist f\u00fcr einen Brut ohne Jahrgang bemerkenswert. Es ist ein Champagner, der sich mit der eleganten L\u00e4ssigkeit der gro\u00dfen H\u00e4user von Reims verh\u00e4lt.<\/p>\n<p>Als Aperitif eignet er sich am besten in Begleitung von Kaviar-Blinis, Tr\u00fcffel-Tarama oder Sommertr\u00fcffel-Chips. Bei Tisch passt er hervorragend zu Meeresfr\u00fcchten, Graved Lachs, in Butter gebratener Languste oder einem K\u00e4sesouffl\u00e9. Gut gek\u00fchlt zwischen 7\u00b0C und 9\u00b0C in gedehnten Fl\u00f6ten serviert, um die Spritzigkeit zu bewahren und die Aromen zu konzentrieren.<\/p>\n<p>Format: 75 cl. Horizontal zwischen +10\u00b0C und +12\u00b0C aufbewahren und vor Licht sch\u00fctzen.<\/p>","protected":false},"excerpt":{"rendered":"<p>Der Champagner Maison de la Truffe schmeckt hervorragend als Aperitif und passt auch perfekt zu Desserts.<\/p>\n<p>Am Gaumen ist er besonders samtig, die Perlen sind perfekt eingebunden, insgesamt ist er fruchtig und sehr lang anhaltend. Insgesamt bietet er eine Struktur, die Lebhaftigkeit und aromatische Komplexit\u00e4t mit fruchtigen Aromen und sch\u00f6nen Unterholznoten von gro\u00dfer Eleganz verbindet.<\/p>\n<p>Assemblage: 55% Pinot Meunier, 35% Chardonnay, 10% Pinot Noir<\/p>\n<p>Menge: 75 cl<\/p>\n<p>Der Missbrauch von Alkohol ist gesundheitssch\u00e4dlich. Genie\u00dfen Sie Alkohol in Ma\u00dfen.<\/p>","protected":false},"featured_media":20685,"comment_status":"open","ping_status":"closed","template":"","meta":[],"product_brand":[],"product_cat":[69,110],"product_tag":[],"class_list":{"0":"post-20314","1":"product","2":"type-product","3":"status-publish","4":"has-post-thumbnail","6":"product_cat-a-lapero","7":"product_cat-nos-idees-cadeaux","9":"first","10":"instock","11":"featured","12":"taxable","13":"shipping-taxable","14":"purchasable","15":"product-type-simple"},"_links":{"self":[{"href":"https:\/\/www.gourmandisedeluxe.com\/de\/wp-json\/wp\/v2\/product\/20314","targetHints":{"allow":["GET"]}}],"collection":[{"href":"https:\/\/www.gourmandisedeluxe.com\/de\/wp-json\/wp\/v2\/product"}],"about":[{"href":"https:\/\/www.gourmandisedeluxe.com\/de\/wp-json\/wp\/v2\/types\/product"}],"replies":[{"embeddable":true,"href":"https:\/\/www.gourmandisedeluxe.com\/de\/wp-json\/wp\/v2\/comments?post=20314"}],"version-history":[{"count":0,"href":"https:\/\/www.gourmandisedeluxe.com\/de\/wp-json\/wp\/v2\/product\/20314\/revisions"}],"wp:featuredmedia":[{"embeddable":true,"href":"https:\/\/www.gourmandisedeluxe.com\/de\/wp-json\/wp\/v2\/media\/20685"}],"wp:attachment":[{"href":"https:\/\/www.gourmandisedeluxe.com\/de\/wp-json\/wp\/v2\/media?parent=20314"}],"wp:term":[{"taxonomy":"product_brand","embeddable":true,"href":"https:\/\/www.gourmandisedeluxe.com\/de\/wp-json\/wp\/v2\/product_brand?post=20314"},{"taxonomy":"product_cat","embeddable":true,"href":"https:\/\/www.gourmandisedeluxe.com\/de\/wp-json\/wp\/v2\/product_cat?post=20314"},{"taxonomy":"product_tag","embeddable":true,"href":"https:\/\/www.gourmandisedeluxe.com\/de\/wp-json\/wp\/v2\/product_tag?post=20314"}],"curies":[{"name":"wp","href":"https:\/\/api.w.org\/{rel}","templated":true}]}}