{"id":20264,"date":"2024-09-16T15:25:19","date_gmt":"2024-09-16T13:25:19","guid":{"rendered":"https:\/\/www.gourmandisedeluxe.com\/?post_type=product&#038;p=20264"},"modified":"2026-04-22T15:13:13","modified_gmt":"2026-04-22T13:13:13","slug":"pins-ramon-begum-x-kaspia","status":"publish","type":"product","link":"https:\/\/www.gourmandisedeluxe.com\/de\/pins-ramon-begum-x-kaspia\/","title":{"rendered":"Anstecknadel Ramon Beg\u00fcm x Kaspia"},"content":{"rendered":"<p>Die <strong>Pin&#8217;s Ramon B\u00e9g\u00fcm x Kaspia<\/strong> est la version broche du personnage Ramon : compact, color\u00e9, imm\u00e9diatement reconnaissable par les aficionados de B\u00e9g\u00fcm Khan, il transforme n&#8217;importe quel revers, sac ou veste en support d&#8217;expression. Comme toutes les pi\u00e8ces de la collection, il est fa\u00e7onn\u00e9 \u00e0 la main en argent dor\u00e9 avec les pierres et finitions caract\u00e9ristiques de la maison. Propos\u00e9 \u00e0 <strong>320\u20ac<\/strong>.<\/p>\n<p>Le cadeau bijou le plus accessible et le plus imm\u00e9diatement lisible de la collection, id\u00e9al pour les fous de mode et les collectionneurs de pin&#8217;s de cr\u00e9ateurs. \u00c9dition limit\u00e9e.<\/p>","protected":false},"excerpt":{"rendered":"<p><span class=\"Y2IQFc\" lang=\"fr\">Mit Liebe, Fantasie und grenzenlosen Tr\u00e4umen von lokalen Handwerkern in Istanbul handgefertigt.<\/span><\/p>\n<p><span class=\"Y2IQFc\" lang=\"fr\">Schmuckst\u00fccke laufen an, wenn sie direktem Sonnenlicht, Feuchtigkeit und extremen Temperaturen ausgesetzt sind. <\/span><\/p>\n<p><span class=\"Y2IQFc\" lang=\"fr\">Wir empfehlen Ihnen, Ihren Schmuck vor direktem Kontakt mit Wasser, Seife, Parf\u00fcm oder Kosmetika zu sch\u00fctzen. <\/span><\/p>\n<p><span class=\"Y2IQFc\" lang=\"fr\">Wenn Ihr Schmuck mit Wasser oder Chemikalien in Ber\u00fchrung kommt, trocknen Sie ihn vorsichtig mit einem weichen, trockenen Tuch oder Handtuch ab. <\/span><\/p>\n<p><span class=\"Y2IQFc\" lang=\"fr\">Legen Sie vor und nach dem Auftragen von Make-up, Kosmetikprodukten und Parf\u00fcm Ihren gesamten Schmuck ab. <\/span><\/p>\n<p><span class=\"Y2IQFc\" lang=\"fr\">Legen Sie Ihren Schmuck immer als letztes an, wenn Sie sich ankleiden, damit sich keine Kleidungsst\u00fccke darin verfangen.<\/span><\/p>","protected":false},"featured_media":24669,"comment_status":"open","ping_status":"closed","template":"","meta":[],"product_brand":[],"product_cat":[182],"product_tag":[],"class_list":{"0":"post-20264","1":"product","2":"type-product","3":"status-publish","4":"has-post-thumbnail","6":"product_cat-collections","8":"first","9":"instock","10":"taxable","11":"shipping-taxable","12":"purchasable","13":"product-type-simple"},"_links":{"self":[{"href":"https:\/\/www.gourmandisedeluxe.com\/de\/wp-json\/wp\/v2\/product\/20264","targetHints":{"allow":["GET"]}}],"collection":[{"href":"https:\/\/www.gourmandisedeluxe.com\/de\/wp-json\/wp\/v2\/product"}],"about":[{"href":"https:\/\/www.gourmandisedeluxe.com\/de\/wp-json\/wp\/v2\/types\/product"}],"replies":[{"embeddable":true,"href":"https:\/\/www.gourmandisedeluxe.com\/de\/wp-json\/wp\/v2\/comments?post=20264"}],"version-history":[{"count":0,"href":"https:\/\/www.gourmandisedeluxe.com\/de\/wp-json\/wp\/v2\/product\/20264\/revisions"}],"wp:featuredmedia":[{"embeddable":true,"href":"https:\/\/www.gourmandisedeluxe.com\/de\/wp-json\/wp\/v2\/media\/24669"}],"wp:attachment":[{"href":"https:\/\/www.gourmandisedeluxe.com\/de\/wp-json\/wp\/v2\/media?parent=20264"}],"wp:term":[{"taxonomy":"product_brand","embeddable":true,"href":"https:\/\/www.gourmandisedeluxe.com\/de\/wp-json\/wp\/v2\/product_brand?post=20264"},{"taxonomy":"product_cat","embeddable":true,"href":"https:\/\/www.gourmandisedeluxe.com\/de\/wp-json\/wp\/v2\/product_cat?post=20264"},{"taxonomy":"product_tag","embeddable":true,"href":"https:\/\/www.gourmandisedeluxe.com\/de\/wp-json\/wp\/v2\/product_tag?post=20264"}],"curies":[{"name":"wp","href":"https:\/\/api.w.org\/{rel}","templated":true}]}}