{"id":20261,"date":"2024-09-16T15:23:27","date_gmt":"2024-09-16T13:23:27","guid":{"rendered":"https:\/\/www.gourmandisedeluxe.com\/?post_type=product&#038;p=20261"},"modified":"2026-04-22T15:13:13","modified_gmt":"2026-04-22T13:13:13","slug":"ramon-begum-x-kaspia-kette","status":"publish","type":"product","link":"https:\/\/www.gourmandisedeluxe.com\/de\/collier-ramon-begum-x-kaspia\/","title":{"rendered":"Halskette Ramon Beg\u00fcm x Kaspia"},"content":{"rendered":"<p>Die <strong>Collier Ramon B\u00e9g\u00fcm x Kaspia<\/strong> est la pi\u00e8ce de cou la plus graphique de la collection : inspir\u00e9 du personnage Ramon, figure iconique de l&#8217;imaginaire de B\u00e9g\u00fcm Khan, ce collier combine des \u00e9l\u00e9ments sculpturaux en argent dor\u00e9 avec des pierres color\u00e9es dans un assemblage \u00e0 la fois structur\u00e9 et f\u00e9erique. Sa pr\u00e9sence autour du cou est imm\u00e9diate, sa personnalit\u00e9 est forte, son niveau d&#8217;artisanat est irr\u00e9prochable. Propos\u00e9 \u00e0 <strong>690\u20ac<\/strong>.<\/p>\n<p>Pour les femmes qui portent leurs bijoux comme des personnages. \u00c9dition limit\u00e9e, livr\u00e9 dans son \u00e9crin double signature Kaspia x B\u00e9g\u00fcm.<\/p>","protected":false},"excerpt":{"rendered":"<p><span class=\"Y2IQFc\" lang=\"fr\">Mit Liebe, Fantasie und grenzenlosen Tr\u00e4umen von lokalen Handwerkern in Istanbul handgefertigt.<\/span><\/p>\n<p><span class=\"Y2IQFc\" lang=\"fr\">Schmuckst\u00fccke laufen an, wenn sie direktem Sonnenlicht, Feuchtigkeit und extremen Temperaturen ausgesetzt sind. <\/span><\/p>\n<p><span class=\"Y2IQFc\" lang=\"fr\">Wir empfehlen Ihnen, Ihren Schmuck vor direktem Kontakt mit Wasser, Seife, Parf\u00fcm oder Kosmetika zu sch\u00fctzen. <\/span><\/p>\n<p><span class=\"Y2IQFc\" lang=\"fr\">Wenn Ihr Schmuck mit Wasser oder Chemikalien in Ber\u00fchrung kommt, trocknen Sie ihn vorsichtig mit einem weichen, trockenen Tuch oder Handtuch ab. <\/span><\/p>\n<p><span class=\"Y2IQFc\" lang=\"fr\">Legen Sie vor und nach dem Auftragen von Make-up, Kosmetikprodukten und Parf\u00fcm Ihren gesamten Schmuck ab. <\/span><\/p>\n<p><span class=\"Y2IQFc\" lang=\"fr\">Legen Sie Ihren Schmuck immer als letztes an, wenn Sie sich ankleiden, damit sich keine Kleidungsst\u00fccke darin verfangen.<\/span><\/p>","protected":false},"featured_media":24656,"comment_status":"open","ping_status":"closed","template":"","meta":[],"product_brand":[],"product_cat":[182],"product_tag":[],"class_list":{"0":"post-20261","1":"product","2":"type-product","3":"status-publish","4":"has-post-thumbnail","6":"product_cat-collections","8":"first","9":"instock","10":"taxable","11":"shipping-taxable","12":"purchasable","13":"product-type-simple"},"_links":{"self":[{"href":"https:\/\/www.gourmandisedeluxe.com\/de\/wp-json\/wp\/v2\/product\/20261","targetHints":{"allow":["GET"]}}],"collection":[{"href":"https:\/\/www.gourmandisedeluxe.com\/de\/wp-json\/wp\/v2\/product"}],"about":[{"href":"https:\/\/www.gourmandisedeluxe.com\/de\/wp-json\/wp\/v2\/types\/product"}],"replies":[{"embeddable":true,"href":"https:\/\/www.gourmandisedeluxe.com\/de\/wp-json\/wp\/v2\/comments?post=20261"}],"version-history":[{"count":0,"href":"https:\/\/www.gourmandisedeluxe.com\/de\/wp-json\/wp\/v2\/product\/20261\/revisions"}],"wp:featuredmedia":[{"embeddable":true,"href":"https:\/\/www.gourmandisedeluxe.com\/de\/wp-json\/wp\/v2\/media\/24656"}],"wp:attachment":[{"href":"https:\/\/www.gourmandisedeluxe.com\/de\/wp-json\/wp\/v2\/media?parent=20261"}],"wp:term":[{"taxonomy":"product_brand","embeddable":true,"href":"https:\/\/www.gourmandisedeluxe.com\/de\/wp-json\/wp\/v2\/product_brand?post=20261"},{"taxonomy":"product_cat","embeddable":true,"href":"https:\/\/www.gourmandisedeluxe.com\/de\/wp-json\/wp\/v2\/product_cat?post=20261"},{"taxonomy":"product_tag","embeddable":true,"href":"https:\/\/www.gourmandisedeluxe.com\/de\/wp-json\/wp\/v2\/product_tag?post=20261"}],"curies":[{"name":"wp","href":"https:\/\/api.w.org\/{rel}","templated":true}]}}