{"id":20249,"date":"2024-09-16T15:14:27","date_gmt":"2024-09-16T13:14:27","guid":{"rendered":"https:\/\/www.gourmandisedeluxe.com\/?post_type=product&#038;p=20249"},"modified":"2026-04-22T15:12:13","modified_gmt":"2026-04-22T13:12:13","slug":"begum-x-kaspia-piercing","status":"publish","type":"product","link":"https:\/\/www.gourmandisedeluxe.com\/de\/piercing-begum-x-kaspia\/","title":{"rendered":"Piercing Beg\u00fcm x Kaspia"},"content":{"rendered":"<p>Die Zusammenarbeit zwischen <strong>Kaspia-Kaviar<\/strong> und <strong>Beg\u00fcm Khan<\/strong> - eine Pariser Schmuckdesignerin, die f\u00fcr ihre handgefertigten Maximalst\u00fccke aus vergoldetem Silber und Halbedelsteinen ber\u00fchmt ist - ist eine Begegnung zweier \u00c4sthetiken, die sich wiedererkennen: selbstbewusster Luxus, farbenfrohe \u00dcberschw\u00e4nglichkeit und Handwerkskunst als Grundwert. Die daraus resultierende Kollektion ist eine Reihe von exklusiven Schmuckst\u00fccken, die von Kaspias ikonischer Welt inspiriert sind.<\/p>\n<p>Die <strong>Piercing B\u00e9g\u00fcm x Kaspia<\/strong> est la pi\u00e8ce la plus intime et la plus contemporaine de la collection \u2014 con\u00e7u pour \u00eatre port\u00e9 \u00e0 l&#8217;h\u00e9lix ou au lobe, seul ou en composition avec d&#8217;autres pi\u00e8ces de la collection. Sa forme et ses motifs inpir\u00e9s de l&#8217;univers Kaspia en font une pi\u00e8ce de style autant qu&#8217;un bijou de corps. Fa\u00e7onn\u00e9 \u00e0 la main en argent dor\u00e9 avec les d\u00e9tails caract\u00e9ristiques de la marque. Propos\u00e9 \u00e0 <strong>320\u20ac<\/strong>.<\/p>\n<p>Pour les amatrices de piercing haut de gamme qui veulent une pi\u00e8ce sign\u00e9e et racont\u00e9e. \u00c9dition limit\u00e9e, livr\u00e9 dans son \u00e9crin double signature.<\/p>","protected":false},"excerpt":{"rendered":"<p><span class=\"Y2IQFc\" lang=\"fr\">Mit Liebe, Fantasie und grenzenlosen Tr\u00e4umen von lokalen Handwerkern in Istanbul handgefertigt.<\/span><\/p>\n<p><span class=\"Y2IQFc\" lang=\"fr\">Schmuckst\u00fccke laufen an, wenn sie direktem Sonnenlicht, Feuchtigkeit und extremen Temperaturen ausgesetzt sind. <\/span><\/p>\n<p><span class=\"Y2IQFc\" lang=\"fr\">Wir empfehlen Ihnen, Ihren Schmuck vor direktem Kontakt mit Wasser, Seife, Parf\u00fcm oder Kosmetika zu sch\u00fctzen. <\/span><\/p>\n<p><span class=\"Y2IQFc\" lang=\"fr\">Wenn Ihr Schmuck mit Wasser oder Chemikalien in Ber\u00fchrung kommt, trocknen Sie ihn vorsichtig mit einem weichen, trockenen Tuch oder Handtuch ab. <\/span><\/p>\n<p><span class=\"Y2IQFc\" lang=\"fr\">Legen Sie vor und nach dem Auftragen von Make-up, Kosmetikprodukten und Parf\u00fcm Ihren gesamten Schmuck ab. <\/span><\/p>\n<p><span class=\"Y2IQFc\" lang=\"fr\">Legen Sie Ihren Schmuck immer als letztes an, wenn Sie sich ankleiden, damit sich keine Kleidungsst\u00fccke darin verfangen.<\/span><\/p>","protected":false},"featured_media":24666,"comment_status":"open","ping_status":"closed","template":"","meta":[],"product_brand":[],"product_cat":[182],"product_tag":[],"class_list":{"0":"post-20249","1":"product","2":"type-product","3":"status-publish","4":"has-post-thumbnail","6":"product_cat-collections","8":"first","9":"instock","10":"taxable","11":"shipping-taxable","12":"purchasable","13":"product-type-simple"},"_links":{"self":[{"href":"https:\/\/www.gourmandisedeluxe.com\/de\/wp-json\/wp\/v2\/product\/20249","targetHints":{"allow":["GET"]}}],"collection":[{"href":"https:\/\/www.gourmandisedeluxe.com\/de\/wp-json\/wp\/v2\/product"}],"about":[{"href":"https:\/\/www.gourmandisedeluxe.com\/de\/wp-json\/wp\/v2\/types\/product"}],"replies":[{"embeddable":true,"href":"https:\/\/www.gourmandisedeluxe.com\/de\/wp-json\/wp\/v2\/comments?post=20249"}],"version-history":[{"count":0,"href":"https:\/\/www.gourmandisedeluxe.com\/de\/wp-json\/wp\/v2\/product\/20249\/revisions"}],"wp:featuredmedia":[{"embeddable":true,"href":"https:\/\/www.gourmandisedeluxe.com\/de\/wp-json\/wp\/v2\/media\/24666"}],"wp:attachment":[{"href":"https:\/\/www.gourmandisedeluxe.com\/de\/wp-json\/wp\/v2\/media?parent=20249"}],"wp:term":[{"taxonomy":"product_brand","embeddable":true,"href":"https:\/\/www.gourmandisedeluxe.com\/de\/wp-json\/wp\/v2\/product_brand?post=20249"},{"taxonomy":"product_cat","embeddable":true,"href":"https:\/\/www.gourmandisedeluxe.com\/de\/wp-json\/wp\/v2\/product_cat?post=20249"},{"taxonomy":"product_tag","embeddable":true,"href":"https:\/\/www.gourmandisedeluxe.com\/de\/wp-json\/wp\/v2\/product_tag?post=20249"}],"curies":[{"name":"wp","href":"https:\/\/api.w.org\/{rel}","templated":true}]}}