{"id":20240,"date":"2024-09-16T15:09:10","date_gmt":"2024-09-16T13:09:10","guid":{"rendered":"https:\/\/www.gourmandisedeluxe.com\/?post_type=product&#038;p=20240"},"modified":"2026-04-22T15:12:13","modified_gmt":"2026-04-22T13:12:13","slug":"rechte-ohrringe-begum-x-kaspia","status":"publish","type":"product","link":"https:\/\/www.gourmandisedeluxe.com\/de\/boucle-doreille-droite-begum-x-kaspia\/","title":{"rendered":"Ohrring links Beg\u00fcm x Kaspia"},"content":{"rendered":"<p>Die Zusammenarbeit zwischen <strong>Kaspia-Kaviar<\/strong> und <strong>Beg\u00fcm Khan<\/strong> - eine Pariser Schmuckdesignerin, die f\u00fcr ihre handgefertigten Maximalst\u00fccke aus vergoldetem Silber und Halbedelsteinen ber\u00fchmt ist - ist eine Begegnung zweier \u00c4sthetiken, die sich wiedererkennen: selbstbewusster Luxus, farbenfrohe \u00dcberschw\u00e4nglichkeit und Handwerkskunst als Grundwert. Die daraus resultierende Kollektion ist eine Reihe von exklusiven Schmuckst\u00fccken, die von Kaspias ikonischer Welt inspiriert sind.<\/p>\n<p>Die <strong>Linker Ohrring Beg\u00fcm x Kaspia<\/strong> ist das Gegenst\u00fcck zum geraden St\u00fcck - entworfen, um sich subtil von ihm zu unterscheiden und gleichzeitig harmonisch auf ihn einzugehen. Zusammen getragen bilden die beiden Ohrringe ein asymmetrisches Diptychon von gro\u00dfer Raffinesse. Einzeln getragen ist der Ring ein eigenst\u00e4ndiges St\u00fcck mit einem klaren Charakter. Von Hand gefertigt, inspiriert von den grafischen Codes von Kaspia. Angeboten in <strong>780\u20ac<\/strong>.<\/p>\n<p>Limitierte Auflage, geliefert in einer Schachtel mit doppelter Signatur. Ein seltenes Autorenjuwel, zum Sammeln oder Verschenken.<\/p>","protected":false},"excerpt":{"rendered":"<p><span class=\"Y2IQFc\" lang=\"fr\">Mit Liebe, Fantasie und grenzenlosen Tr\u00e4umen von lokalen Handwerkern in Istanbul handgefertigt.<\/span><\/p>\n<p><span class=\"Y2IQFc\" lang=\"fr\">Schmuckst\u00fccke laufen an, wenn sie direktem Sonnenlicht, Feuchtigkeit und extremen Temperaturen ausgesetzt sind. <\/span><\/p>\n<p><span class=\"Y2IQFc\" lang=\"fr\">Wir empfehlen Ihnen, Ihren Schmuck vor direktem Kontakt mit Wasser, Seife, Parf\u00fcm oder Kosmetika zu sch\u00fctzen. <\/span><\/p>\n<p><span class=\"Y2IQFc\" lang=\"fr\">Wenn Ihr Schmuck mit Wasser oder Chemikalien in Ber\u00fchrung kommt, trocknen Sie ihn vorsichtig mit einem weichen, trockenen Tuch oder Handtuch ab. <\/span><\/p>\n<p><span class=\"Y2IQFc\" lang=\"fr\">Legen Sie vor und nach dem Auftragen von Make-up, Kosmetikprodukten und Parf\u00fcm Ihren gesamten Schmuck ab. <\/span><\/p>\n<p><span class=\"Y2IQFc\" lang=\"fr\">Legen Sie Ihren Schmuck immer als letztes an, wenn Sie sich ankleiden, damit sich keine Kleidungsst\u00fccke darin verfangen.<\/span><\/p>","protected":false},"featured_media":20410,"comment_status":"open","ping_status":"closed","template":"","meta":[],"product_brand":[],"product_cat":[182],"product_tag":[],"class_list":{"0":"post-20240","1":"product","2":"type-product","3":"status-publish","4":"has-post-thumbnail","6":"product_cat-collections","8":"first","9":"instock","10":"taxable","11":"shipping-taxable","12":"purchasable","13":"product-type-simple"},"_links":{"self":[{"href":"https:\/\/www.gourmandisedeluxe.com\/de\/wp-json\/wp\/v2\/product\/20240","targetHints":{"allow":["GET"]}}],"collection":[{"href":"https:\/\/www.gourmandisedeluxe.com\/de\/wp-json\/wp\/v2\/product"}],"about":[{"href":"https:\/\/www.gourmandisedeluxe.com\/de\/wp-json\/wp\/v2\/types\/product"}],"replies":[{"embeddable":true,"href":"https:\/\/www.gourmandisedeluxe.com\/de\/wp-json\/wp\/v2\/comments?post=20240"}],"version-history":[{"count":0,"href":"https:\/\/www.gourmandisedeluxe.com\/de\/wp-json\/wp\/v2\/product\/20240\/revisions"}],"wp:featuredmedia":[{"embeddable":true,"href":"https:\/\/www.gourmandisedeluxe.com\/de\/wp-json\/wp\/v2\/media\/20410"}],"wp:attachment":[{"href":"https:\/\/www.gourmandisedeluxe.com\/de\/wp-json\/wp\/v2\/media?parent=20240"}],"wp:term":[{"taxonomy":"product_brand","embeddable":true,"href":"https:\/\/www.gourmandisedeluxe.com\/de\/wp-json\/wp\/v2\/product_brand?post=20240"},{"taxonomy":"product_cat","embeddable":true,"href":"https:\/\/www.gourmandisedeluxe.com\/de\/wp-json\/wp\/v2\/product_cat?post=20240"},{"taxonomy":"product_tag","embeddable":true,"href":"https:\/\/www.gourmandisedeluxe.com\/de\/wp-json\/wp\/v2\/product_tag?post=20240"}],"curies":[{"name":"wp","href":"https:\/\/api.w.org\/{rel}","templated":true}]}}