{"id":19016,"date":"2023-12-14T22:16:24","date_gmt":"2023-12-14T21:16:24","guid":{"rendered":"https:\/\/www.gourmandisedeluxe.com\/?post_type=product&#038;p=19016"},"modified":"2026-04-22T15:14:28","modified_gmt":"2026-04-22T13:14:28","slug":"casa-kaspia-sweatshort","status":"publish","type":"product","link":"https:\/\/www.gourmandisedeluxe.com\/de\/casa-kaspia-sweatshort\/","title":{"rendered":"Casa Kaspia Sweatshort"},"content":{"rendered":"<p>La ligne <strong>Casa Kaspia<\/strong> porte la vision lifestyle de la Maison dans une gamme de v\u00eatements confortables et \u00e9l\u00e9gants \u00e0 la fois. Le <strong>Casa Kaspia Sweatshort<\/strong> est la pi\u00e8ce d&#8217;t\u00e9e de la collection \u2014 un short en mati\u00e8re sweat premium, taille \u00e9lastique ajustable, avec le logo Casa Kaspia brod\u00e9 sur la cuisse ou l&#8217;ourlet. Sa coupe est d\u00e9contract\u00e9e et polyvalente, con\u00e7ue aussi bien pour la maison que pour une sortie casual en ville.<\/p>\n<p>Port\u00e9 avec le sweat-shirt Casa Kaspia assorti, il forme un ensemble homewear de luxe imm\u00e9diatement identifiable par les initiateurs. Sa mati\u00e8re douce et sa construction soign\u00e9e en font un v\u00eatement quotidien d&#8217;une longev\u00e9it\u00e9 sup\u00e9rieure \u00e0 la moyenne. Propos\u00e9 \u00e0 <strong>280\u20ac<\/strong>.<\/p>\n<p>Cadeau homewear d&#8217;exception pour les amateurs de confort premium, id\u00e9al pour les f\u00eates ou un anniversaire. Lavage \u00e0 30\u00b0 sur l&#8217;envers.<\/p>","protected":false},"excerpt":{"rendered":"<p>Die wei\u00dfen Unisex-Shorts sind ein Schl\u00fcsselmodell von Casablanca Paris und mit unserem exklusiven Doppel-Logo in kontrastierender Stickerei verziert. Das Modell aus 100 % Bio-Baumwolle reicht bis \u00fcber das Knie und verf\u00fcgt \u00fcber einen Kordelzug mit goldenen Endst\u00fccken sowie Seitentaschen.<\/p>\n<p>100% biologische Baumwolle<br \/>\nFarbe: optisch wei\u00c3\u0192\u00c5\u00b8<br \/>\nSchonwaschgang in der Waschmaschine<br \/>\nHergestellt in Portugal<br \/>\nNormale Gr\u00c3\u0192\u00c2\u00b6\u00c3\u0192\u00c5\u00b8e, nehmen Sie Ihre \u00c3\u0192\u00c2\u00bcbliche Gr\u00c3\u0192\u00c2\u00b6\u00c3\u0192\u00c5\u00b8e<br \/>\nExklusiv bei casablancaparis.com &amp; caviarkaspia.com<\/p>","protected":false},"featured_media":24601,"comment_status":"open","ping_status":"closed","template":"","meta":[],"product_brand":[],"product_cat":[182,185],"product_tag":[],"class_list":{"0":"post-19016","1":"product","2":"type-product","3":"status-publish","4":"has-post-thumbnail","6":"product_cat-collections","7":"product_cat-noel-2025","9":"first","10":"instock","11":"taxable","12":"shipping-taxable","13":"purchasable","14":"product-type-variable"},"_links":{"self":[{"href":"https:\/\/www.gourmandisedeluxe.com\/de\/wp-json\/wp\/v2\/product\/19016","targetHints":{"allow":["GET"]}}],"collection":[{"href":"https:\/\/www.gourmandisedeluxe.com\/de\/wp-json\/wp\/v2\/product"}],"about":[{"href":"https:\/\/www.gourmandisedeluxe.com\/de\/wp-json\/wp\/v2\/types\/product"}],"replies":[{"embeddable":true,"href":"https:\/\/www.gourmandisedeluxe.com\/de\/wp-json\/wp\/v2\/comments?post=19016"}],"version-history":[{"count":0,"href":"https:\/\/www.gourmandisedeluxe.com\/de\/wp-json\/wp\/v2\/product\/19016\/revisions"}],"wp:featuredmedia":[{"embeddable":true,"href":"https:\/\/www.gourmandisedeluxe.com\/de\/wp-json\/wp\/v2\/media\/24601"}],"wp:attachment":[{"href":"https:\/\/www.gourmandisedeluxe.com\/de\/wp-json\/wp\/v2\/media?parent=19016"}],"wp:term":[{"taxonomy":"product_brand","embeddable":true,"href":"https:\/\/www.gourmandisedeluxe.com\/de\/wp-json\/wp\/v2\/product_brand?post=19016"},{"taxonomy":"product_cat","embeddable":true,"href":"https:\/\/www.gourmandisedeluxe.com\/de\/wp-json\/wp\/v2\/product_cat?post=19016"},{"taxonomy":"product_tag","embeddable":true,"href":"https:\/\/www.gourmandisedeluxe.com\/de\/wp-json\/wp\/v2\/product_tag?post=19016"}],"curies":[{"name":"wp","href":"https:\/\/api.w.org\/{rel}","templated":true}]}}