{"id":18965,"date":"2023-12-14T21:32:02","date_gmt":"2023-12-14T20:32:02","guid":{"rendered":"https:\/\/www.gourmandisedeluxe.com\/?post_type=product&#038;p=18965"},"modified":"2026-04-22T15:14:28","modified_gmt":"2026-04-22T13:14:28","slug":"ikonische-baseballkappe-3","status":"publish","type":"product","link":"https:\/\/www.gourmandisedeluxe.com\/de\/iconique-casquette-de-baseball-3\/","title":{"rendered":"ICONIQUE | Baseballkappe"},"content":{"rendered":"<p>Troisi\u00e8me coloris de la <strong>ICONIQUE Baseball-Cap Kaspia<\/strong> \u2014 m\u00eame coupe, m\u00eame qualit\u00e9 de construction, m\u00eame broderie logo soign\u00e9e, dans une teinte diff\u00e9rente pour s&#8217;adapter \u00e0 toutes les garde-robes et toutes les saisons. La gamme de coloris ICONIQUE est con\u00e7ue pour permettre \u00e0 chaque client de trouver la version qui correspond \u00e0 son style propre \u2014 ou de collectionner les trois pour varier les looks. Propos\u00e9e \u00e0 <strong>195\u20ac<\/strong>.<\/p>\n<p>Un accessoire lifestyle Kaspia accessible et imm\u00e9diatement utilisable. Cadeau mode pour les habitu\u00e9s de la Maison ou les amateurs de caps premium sign\u00e9s.<\/p>","protected":false},"excerpt":{"rendered":"<ul>\n<li>Die Farbe Schwarz<\/li>\n<li>Unterseite des Visiers in Kontrastfarbe<\/li>\n<li>Mit dem Logo von Caviar Kaspia bestickt<\/li>\n<li>Ton-in-Ton-N\u00c3\u0192\u00c2\u00a4hte<\/li>\n<li>Elastisch hinten<\/li>\n<li>Au\u00dfenmaterial \u2013 Zusammensetzung: 100% Polyester (Membran: 100% Polyurethan)<\/li>\n<li>Futter - Zusammensetzung: 64% Baumwolle 36% Polyester<\/li>\n<\/ul>","protected":false},"featured_media":24595,"comment_status":"open","ping_status":"closed","template":"","meta":[],"product_brand":[],"product_cat":[182],"product_tag":[],"class_list":{"0":"post-18965","1":"product","2":"type-product","3":"status-publish","4":"has-post-thumbnail","6":"product_cat-collections","8":"first","9":"onbackorder","10":"taxable","11":"shipping-taxable","12":"purchasable","13":"product-type-simple"},"_links":{"self":[{"href":"https:\/\/www.gourmandisedeluxe.com\/de\/wp-json\/wp\/v2\/product\/18965","targetHints":{"allow":["GET"]}}],"collection":[{"href":"https:\/\/www.gourmandisedeluxe.com\/de\/wp-json\/wp\/v2\/product"}],"about":[{"href":"https:\/\/www.gourmandisedeluxe.com\/de\/wp-json\/wp\/v2\/types\/product"}],"replies":[{"embeddable":true,"href":"https:\/\/www.gourmandisedeluxe.com\/de\/wp-json\/wp\/v2\/comments?post=18965"}],"version-history":[{"count":0,"href":"https:\/\/www.gourmandisedeluxe.com\/de\/wp-json\/wp\/v2\/product\/18965\/revisions"}],"wp:featuredmedia":[{"embeddable":true,"href":"https:\/\/www.gourmandisedeluxe.com\/de\/wp-json\/wp\/v2\/media\/24595"}],"wp:attachment":[{"href":"https:\/\/www.gourmandisedeluxe.com\/de\/wp-json\/wp\/v2\/media?parent=18965"}],"wp:term":[{"taxonomy":"product_brand","embeddable":true,"href":"https:\/\/www.gourmandisedeluxe.com\/de\/wp-json\/wp\/v2\/product_brand?post=18965"},{"taxonomy":"product_cat","embeddable":true,"href":"https:\/\/www.gourmandisedeluxe.com\/de\/wp-json\/wp\/v2\/product_cat?post=18965"},{"taxonomy":"product_tag","embeddable":true,"href":"https:\/\/www.gourmandisedeluxe.com\/de\/wp-json\/wp\/v2\/product_tag?post=18965"}],"curies":[{"name":"wp","href":"https:\/\/api.w.org\/{rel}","templated":true}]}}