{"id":18943,"date":"2023-12-14T21:04:06","date_gmt":"2023-12-14T20:04:06","guid":{"rendered":"https:\/\/www.gourmandisedeluxe.com\/?post_type=product&#038;p=18943"},"modified":"2026-04-22T15:14:28","modified_gmt":"2026-04-22T13:14:28","slug":"bomber-x-caviar-kaspia-pro-carve-70","status":"publish","type":"product","link":"https:\/\/www.gourmandisedeluxe.com\/de\/bomber-x-caviar-kaspia-pro-carve-70\/","title":{"rendered":"BOMBER X CAVIAR KASPIA PRO CARVE 70"},"content":{"rendered":"<p>Die <strong>Bomber x Caviar Kaspia Pro Carve 70<\/strong> est la pi\u00e8ce la plus spectaculaire de la collection lifestyle Kaspia \u2014 une collaboration avec la marque sportswear alpine haut de gamme pour cr\u00e9er une veste bomber technique de ski alliant la performance de la montagne \u00e0 l&#8217;esth\u00e9tique Kaspia. Fabriqu\u00e9e dans des mat\u00e9riaux techniques de premier ordre \u2014 isolation thermique avanc\u00e9e, coupe-vent, finitions de pr\u00e9cision \u2014 elle prot\u00e8ge efficacement sur les pistes les plus exigeantes tout en affichant les couleurs et le logo de la Maison.<\/p>\n<p>Le mod\u00e8le Pro Carve 70 est une \u00e9dition collector, num\u00e9rot\u00e9e et limit\u00e9e, qui incarne la rencontre entre le luxe gastronomique et le luxe du sport de montagne. Propos\u00e9 \u00e0 <strong>3 100\u20ac<\/strong>, c&#8217;est la pi\u00e8ce la plus charg\u00e9e du catalogue.<\/p>\n<p>Un objet de d\u00e9sir pour les skieurs exigeants et les collectionneurs de collaborations exclusives. \u00c9dition limit\u00e9e, livr\u00e9 avec son certificat d&#8217;authenticit\u00e9. Entretien conform\u00e9ment aux instructions sur \u00e9tiquette.<\/p>","protected":false},"excerpt":{"rendered":"<p>Die Pro Carve-Reihe wird aus professionellen Materialien handgefertigt und bietet un\u00fcbertroffene Pr\u00e4zision, Griffigkeit und Stabilit\u00e4t auf pr\u00e4parierten Pisten. Die Caviar Kaspia Edition, die in Zusammenarbeit mit dem legend\u00e4ren Pariser Restaurant entworfen wurde, verf\u00fcgt \u00fcber ein elegantes schwarzes Deck und eine fantasievolle Illustration, die an eine Vintage-Kaviardose erinnert: ein Schiff auf See unter einem Sternenhimmel, mit einem St\u00f6r unter den sch\u00e4umenden Wellen. Diese Skier werden mit einem Vollholzkern und einer Sandwich-Konstruktion hergestellt, die f\u00fcr au\u00dfergew\u00f6hnliche Konsistenz und ein reaktionsfreudiges, m\u00fcheloses Fahrgef\u00fchl sorgen, das Vertrauen schafft.<\/p>\n<p>Bitte rechnen Sie mit einer Produktions- und Lieferzeit von 2 bis 3 Wochen f\u00fcr diesen Artikel, da diese handgefertigten Skier auf Bestellung in unserem Werk in Cossato, Italien, hergestellt werden.<\/p>","protected":false},"featured_media":24639,"comment_status":"open","ping_status":"closed","template":"","meta":[],"product_brand":[],"product_cat":[182],"product_tag":[],"class_list":{"0":"post-18943","1":"product","2":"type-product","3":"status-publish","4":"has-post-thumbnail","6":"product_cat-collections","8":"first","9":"instock","10":"taxable","11":"shipping-taxable","12":"purchasable","13":"product-type-variable"},"_links":{"self":[{"href":"https:\/\/www.gourmandisedeluxe.com\/de\/wp-json\/wp\/v2\/product\/18943","targetHints":{"allow":["GET"]}}],"collection":[{"href":"https:\/\/www.gourmandisedeluxe.com\/de\/wp-json\/wp\/v2\/product"}],"about":[{"href":"https:\/\/www.gourmandisedeluxe.com\/de\/wp-json\/wp\/v2\/types\/product"}],"replies":[{"embeddable":true,"href":"https:\/\/www.gourmandisedeluxe.com\/de\/wp-json\/wp\/v2\/comments?post=18943"}],"version-history":[{"count":0,"href":"https:\/\/www.gourmandisedeluxe.com\/de\/wp-json\/wp\/v2\/product\/18943\/revisions"}],"wp:featuredmedia":[{"embeddable":true,"href":"https:\/\/www.gourmandisedeluxe.com\/de\/wp-json\/wp\/v2\/media\/24639"}],"wp:attachment":[{"href":"https:\/\/www.gourmandisedeluxe.com\/de\/wp-json\/wp\/v2\/media?parent=18943"}],"wp:term":[{"taxonomy":"product_brand","embeddable":true,"href":"https:\/\/www.gourmandisedeluxe.com\/de\/wp-json\/wp\/v2\/product_brand?post=18943"},{"taxonomy":"product_cat","embeddable":true,"href":"https:\/\/www.gourmandisedeluxe.com\/de\/wp-json\/wp\/v2\/product_cat?post=18943"},{"taxonomy":"product_tag","embeddable":true,"href":"https:\/\/www.gourmandisedeluxe.com\/de\/wp-json\/wp\/v2\/product_tag?post=18943"}],"curies":[{"name":"wp","href":"https:\/\/api.w.org\/{rel}","templated":true}]}}