{"id":18936,"date":"2023-12-14T20:56:03","date_gmt":"2023-12-14T19:56:03","guid":{"rendered":"https:\/\/www.gourmandisedeluxe.com\/?post_type=product&#038;p=18936"},"modified":"2025-12-20T11:33:06","modified_gmt":"2025-12-20T10:33:06","slug":"osterloeuf-kaspia","status":"publish","type":"product","link":"https:\/\/www.gourmandisedeluxe.com\/de\/loeuf-de-paques-kaspia\/","title":{"rendered":"Das Osterei von Kaspia"},"content":{"rendered":"<h2 class=\"font-heading text-2xl lg:text-4xl\">KRISTALL BENITO &amp; KASPIA KAVIAR<\/h2>\n<div class=\"rte mt-4 font-heading break-words\">\n<p>So unerwartet es auch erscheinen mag, Caviar Kaspia baut sein Lifestyle-Sortiment weiter aus und bietet dieses Jahr zu Ostern ein exklusives Kaviar-Ei an, das aus einer langj\u00e4hrigen Zusammenarbeit hervorgegangen ist und eine Hommage an das Ei darstellt. Das Erbe-Ei ist eine der emblematischen Kreationen des Hauses Cristal Benito. Das Ei war urspr\u00fcnglich ein Ostergeschenk. Eine mit Gold verzierte Schale, die wie eine russische Matroschka-Puppe ein kostbares Geschenk barg. Das erste kaiserliche \u00abH\u00fchnerei\u00bb war geboren. Der Zar war von diesen Kreationen so begeistert, dass er beschloss, seiner Gemahlin jedes Jahr zu Ostern ein neues Ei zu schenken.<\/p>\n<p>Um mehr als 10 Jahre Partnerschaft und Freundschaft zu feiern, hat Caviar Kaspia das Haus Cristal Benito mit der Kreation einer exklusiven Serie von 14 Kaviar-Eiern aus geschliffenem Kristall beauftragt, die alle einzigartig, nummeriert und signiert sind. Das azurblaue Kaspia-Ei ist facettenreich geschliffen und mit ziselierten Wellen verziert, die den Glanz und die Feinheiten dieses Kristalls in Meeresfarben zur Geltung bringen.<\/p>\n<p>Der K\u00fcnstler Arestakes hat speziell f\u00fcr diesen Anlass den St\u00f6r mit dem Monogramm Caviar Kaspia geschaffen, der das Emblem des ber\u00fchmten Hauses ziert. Dieses Kaspia-Ei ist sowohl ein echtes Kunstwerk als auch eine kostbare Schatulle und wird selbst die anspruchsvollsten Kaviarliebhaber begeistern.<\/p>\n<\/div>","protected":false},"excerpt":{"rendered":"<p>Azurblaues Kristallei, von Franck Benito handgeschliffen und handgeschnitzt.<br \/>\nFassung und Verzierung aus Bronze, mit 24 Karat Feingold vergoldet.<br \/>\nExklusive Serie, limitiert auf 14 St\u00fcck, nummeriert von 1 bis 14 und signiert mit \u201cCristal Benito pour Caviar Kaspia\u201d.<br \/>\nMa\u00dfe: H\u00f6he 30 cm x Durchmesser 10 cm.<\/p>","protected":false},"featured_media":24658,"comment_status":"open","ping_status":"closed","template":"","meta":[],"product_brand":[],"product_cat":[182],"product_tag":[],"class_list":{"0":"post-18936","1":"product","2":"type-product","3":"status-publish","4":"has-post-thumbnail","6":"product_cat-collections","8":"first","9":"instock","10":"taxable","11":"shipping-taxable","12":"purchasable","13":"product-type-simple"},"_links":{"self":[{"href":"https:\/\/www.gourmandisedeluxe.com\/de\/wp-json\/wp\/v2\/product\/18936","targetHints":{"allow":["GET"]}}],"collection":[{"href":"https:\/\/www.gourmandisedeluxe.com\/de\/wp-json\/wp\/v2\/product"}],"about":[{"href":"https:\/\/www.gourmandisedeluxe.com\/de\/wp-json\/wp\/v2\/types\/product"}],"replies":[{"embeddable":true,"href":"https:\/\/www.gourmandisedeluxe.com\/de\/wp-json\/wp\/v2\/comments?post=18936"}],"version-history":[{"count":0,"href":"https:\/\/www.gourmandisedeluxe.com\/de\/wp-json\/wp\/v2\/product\/18936\/revisions"}],"wp:featuredmedia":[{"embeddable":true,"href":"https:\/\/www.gourmandisedeluxe.com\/de\/wp-json\/wp\/v2\/media\/24658"}],"wp:attachment":[{"href":"https:\/\/www.gourmandisedeluxe.com\/de\/wp-json\/wp\/v2\/media?parent=18936"}],"wp:term":[{"taxonomy":"product_brand","embeddable":true,"href":"https:\/\/www.gourmandisedeluxe.com\/de\/wp-json\/wp\/v2\/product_brand?post=18936"},{"taxonomy":"product_cat","embeddable":true,"href":"https:\/\/www.gourmandisedeluxe.com\/de\/wp-json\/wp\/v2\/product_cat?post=18936"},{"taxonomy":"product_tag","embeddable":true,"href":"https:\/\/www.gourmandisedeluxe.com\/de\/wp-json\/wp\/v2\/product_tag?post=18936"}],"curies":[{"name":"wp","href":"https:\/\/api.w.org\/{rel}","templated":true}]}}