{"id":16862,"date":"2022-12-10T21:04:39","date_gmt":"2022-12-10T20:04:39","guid":{"rendered":"https:\/\/www.gourmandisedeluxe.com\/?post_type=product&#038;p=16862"},"modified":"2026-04-22T15:21:53","modified_gmt":"2026-04-22T13:21:53","slug":"wodkaglas-kaspia","status":"publish","type":"product","link":"https:\/\/www.gourmandisedeluxe.com\/de\/verre-a-vodka-kaspia\/","title":{"rendered":"Wodka-Glas Kaspia"},"content":{"rendered":"<p>Die <strong>Wodka-Glas Kaspia<\/strong> est l&#8217;instrument de service indispensable pour officier le rituel de la vodka dans les r\u00e8gles de l&#8217;art de la Maison. Sa taille r\u00e9duite, ses parois suffisamment \u00e9paisses pour maintenir le froid et son bord fin pour ne pas interf\u00e9rer avec la d\u00e9gustation en font un outil de service aussi fonctionnel qu&#8217;\u00e9l\u00e9gant, sign\u00e9 du logo Kaspia.<\/p>\n<p>Le rituel Kaspia : vodka sortie du cong\u00e9lateur directement dans un verre pr\u00e9alablement givr\u00e9, caviar sorti du frigo 10 minutes avant, cuill\u00e8re en nacre impos\u00e9e. \u00c0 <strong>6\u20ac<\/strong> l&#8217;unit\u00e9, il se compose facilement selon le nombre de convives. Un accessoire essentiel \u00e0 glisser dans tout coffret vodka. Lavage \u00e0 la main recommand\u00e9.<\/p>","protected":false},"excerpt":{"rendered":"<p>3,4 cl Wodka-Glas mit Kaspia-Logo. Dieser elegante Schnapsglas hat das ideale Fassungsverm\u00f6gen f\u00fcr Ihre Digestifs.<br \/>\nDurchmesser: 4,5 cm<br \/>\nH\u00c3\u0192\u00c2\u00b6he: 7 cm<\/p>","protected":false},"featured_media":24489,"comment_status":"open","ping_status":"closed","template":"","meta":[],"product_brand":[],"product_cat":[142],"product_tag":[],"class_list":{"0":"post-16862","1":"product","2":"type-product","3":"status-publish","4":"has-post-thumbnail","6":"product_cat-arts-de-la-table-kaspia","8":"first","9":"instock","10":"taxable","11":"shipping-taxable","12":"purchasable","13":"product-type-simple"},"_links":{"self":[{"href":"https:\/\/www.gourmandisedeluxe.com\/de\/wp-json\/wp\/v2\/product\/16862","targetHints":{"allow":["GET"]}}],"collection":[{"href":"https:\/\/www.gourmandisedeluxe.com\/de\/wp-json\/wp\/v2\/product"}],"about":[{"href":"https:\/\/www.gourmandisedeluxe.com\/de\/wp-json\/wp\/v2\/types\/product"}],"replies":[{"embeddable":true,"href":"https:\/\/www.gourmandisedeluxe.com\/de\/wp-json\/wp\/v2\/comments?post=16862"}],"version-history":[{"count":0,"href":"https:\/\/www.gourmandisedeluxe.com\/de\/wp-json\/wp\/v2\/product\/16862\/revisions"}],"wp:featuredmedia":[{"embeddable":true,"href":"https:\/\/www.gourmandisedeluxe.com\/de\/wp-json\/wp\/v2\/media\/24489"}],"wp:attachment":[{"href":"https:\/\/www.gourmandisedeluxe.com\/de\/wp-json\/wp\/v2\/media?parent=16862"}],"wp:term":[{"taxonomy":"product_brand","embeddable":true,"href":"https:\/\/www.gourmandisedeluxe.com\/de\/wp-json\/wp\/v2\/product_brand?post=16862"},{"taxonomy":"product_cat","embeddable":true,"href":"https:\/\/www.gourmandisedeluxe.com\/de\/wp-json\/wp\/v2\/product_cat?post=16862"},{"taxonomy":"product_tag","embeddable":true,"href":"https:\/\/www.gourmandisedeluxe.com\/de\/wp-json\/wp\/v2\/product_tag?post=16862"}],"curies":[{"name":"wp","href":"https:\/\/api.w.org\/{rel}","templated":true}]}}