{"id":13868,"date":"2021-12-09T20:19:14","date_gmt":"2021-12-09T19:19:14","guid":{"rendered":"https:\/\/www.gourmandisedeluxe.com\/?post_type=product&#038;p=13868"},"modified":"2026-04-22T13:37:29","modified_gmt":"2026-04-22T11:37:29","slug":"aromatisierte-chips-mit-honigsenf-und-weisem-truffel","status":"publish","type":"product","link":"https:\/\/www.gourmandisedeluxe.com\/de\/chips-aromatisees-moutarde-miel-et-truffe-blanche\/","title":{"rendered":"Chips mit Senf-, Honig- und wei\u00dfem Tr\u00fcffelgeschmack"},"content":{"rendered":"<p>Diese Senf-, Honig- und Wei\u00dfe-Tr\u00fcffel-Chips sind eine k\u00fchne Kreation, die drei instinktiv komplement\u00e4re Geschmacksrichtungen in einem Snack von seltener Raffinesse vereint. Der Honigsenf sorgt f\u00fcr eine pikante S\u00fc\u00dfe und ein warmes, gegerbtes Aroma, das durch den gefriergetrockneten wei\u00dfen italienischen Tr\u00fcffel mit seinen charakteristischen Moschus-, Honig- und Pilznoten verl\u00e4ngert wird. <em>Tuber Magnatum<\/em>.<\/p>\n<p>Das Gefriertrocknungsverfahren, das zum W\u00fcrzen verwendet wird, bewahrt den Geschmack und das Aroma der frischen Zutaten zuverl\u00e4ssig, ohne k\u00fcnstliche Aromen zu verwenden. Die Chips selbst sind dicker als herk\u00f6mmliche Industriechips, was ihnen eine ausgepr\u00e4gte Knusprigkeit und eine l\u00e4ngere Haltbarkeit verleiht. Die W\u00fcrze haftet gleichm\u00e4\u00dfig, so dass jeder Mund mit Geschmack versorgt wird.<\/p>\n<p>Perfekt als Aperitif mit einem lebhaften Wei\u00dfwein aus dem Burgund, einem handwerklich hergestellten Cidre Brut oder einem hellen Kunstbier, k\u00f6nnen sie auch als elegante Tapas in Verbindung mit einer Platte ausgew\u00e4hlter Wurstwaren, als knusprige Garnitur auf einem Bataviasalat oder zerbr\u00f6selt auf einer Linsencreme dienen. Ein Snack, der zu einer gastronomischen Entdeckungsreise einl\u00e4dt, ohne dass Sie einen Koch ben\u00f6tigen.<\/p>\n<p>Inhalt: 45 g. An einem k\u00fchlen und trockenen Ort aufbewahren. Am besten innerhalb von 48 Stunden nach dem \u00d6ffnen verzehren, um die Knusprigkeit zu erhalten.<\/p>","protected":false},"excerpt":{"rendered":"<p>Unsere <strong>Chips<\/strong> sind dicker als normale Chips und sehr knusprig.<br \/>\nSie eignen sich hervorragend als Aperitif, k\u00f6nnen aber auch als Grundlage f\u00fcr Saucen, Tapas oder in Salaten verwendet werden.<\/p>\n<p>Spezialgew\u00fcrzmischung, gefriergetrocknet, mit Honigsenf und italienischem wei\u00dfem Tr\u00fcffel. Durch das Gefriertrocknungsverfahren bleiben Geschmack und Aroma der frischen Zutaten erhalten.<\/p>\n<p>KONSERVATION<br \/>\nAn einem k\u00fchlen, trockenen Ort vor Licht gesch\u00fctzt aufbewahren.<br \/>\nMenge: 45 g<br \/>\nPreis pro Kilogramm: 77,78 \u20ac<\/p>","protected":false},"featured_media":16775,"comment_status":"open","ping_status":"closed","template":"","meta":[],"product_brand":[],"product_cat":[69],"product_tag":[],"class_list":{"0":"post-13868","1":"product","2":"type-product","3":"status-publish","4":"has-post-thumbnail","6":"product_cat-a-lapero","8":"first","9":"instock","10":"taxable","11":"shipping-taxable","12":"purchasable","13":"product-type-simple"},"_links":{"self":[{"href":"https:\/\/www.gourmandisedeluxe.com\/de\/wp-json\/wp\/v2\/product\/13868","targetHints":{"allow":["GET"]}}],"collection":[{"href":"https:\/\/www.gourmandisedeluxe.com\/de\/wp-json\/wp\/v2\/product"}],"about":[{"href":"https:\/\/www.gourmandisedeluxe.com\/de\/wp-json\/wp\/v2\/types\/product"}],"replies":[{"embeddable":true,"href":"https:\/\/www.gourmandisedeluxe.com\/de\/wp-json\/wp\/v2\/comments?post=13868"}],"version-history":[{"count":0,"href":"https:\/\/www.gourmandisedeluxe.com\/de\/wp-json\/wp\/v2\/product\/13868\/revisions"}],"wp:featuredmedia":[{"embeddable":true,"href":"https:\/\/www.gourmandisedeluxe.com\/de\/wp-json\/wp\/v2\/media\/16775"}],"wp:attachment":[{"href":"https:\/\/www.gourmandisedeluxe.com\/de\/wp-json\/wp\/v2\/media?parent=13868"}],"wp:term":[{"taxonomy":"product_brand","embeddable":true,"href":"https:\/\/www.gourmandisedeluxe.com\/de\/wp-json\/wp\/v2\/product_brand?post=13868"},{"taxonomy":"product_cat","embeddable":true,"href":"https:\/\/www.gourmandisedeluxe.com\/de\/wp-json\/wp\/v2\/product_cat?post=13868"},{"taxonomy":"product_tag","embeddable":true,"href":"https:\/\/www.gourmandisedeluxe.com\/de\/wp-json\/wp\/v2\/product_tag?post=13868"}],"curies":[{"name":"wp","href":"https:\/\/api.w.org\/{rel}","templated":true}]}}