{"id":13434,"date":"2021-10-18T14:24:36","date_gmt":"2021-10-18T12:24:36","guid":{"rendered":"https:\/\/www.gourmandisedeluxe.com\/?post_type=product&#038;p=13434"},"modified":"2026-04-22T13:39:41","modified_gmt":"2026-04-22T11:39:41","slug":"macadamianusse-mit-truffel","status":"publish","type":"product","link":"https:\/\/www.gourmandisedeluxe.com\/de\/noix-de-macadamia-a-la-truffe\/","title":{"rendered":"Macadamian\u00fcsse mit Tr\u00fcffel"},"content":{"rendered":"<p>Les Noix de Macadamia \u00e0 la Truffe Noire sont la d\u00e9clinaison la plus luxueuse de la gamme de fruits \u00e0 coque truff\u00e9e de la Maison de la Truffe. La Noix de Macadamia \u2014 l\u2019une des noix les plus rares et les plus pris\u00e9es du monde, produite principalement en Australie et \u00e0 Ha\u00ef en quantit\u00e9s limit\u00e9es \u2014 est naturellement riche, beurr\u00e9e et fondante en bouche. C&#8217;est le mariage \u00e9vident avec la truffe noire.<\/p>\n<p>Tr\u00e8s peu sal\u00e9es pour ne pas masquer leurs qualit\u00e9s natives, ces noix de macadamia sont aromatiser \u00e0 la Truffe Noire <em>Melanosporum<\/em>. Leur chair dense et onctueuse accroche parfaitement les ar\u00f4mes de la truffe : notes de sous-bois, de cacao, de champignon de Paris \u00e0 peine saut\u00e9 et de humus tiede. Chaque geste de croquer lib\u00e8re une petite explosion de saveurs rondes et profondes.<\/p>\n<p>Ces noix se d\u00e9gustent id\u00e9alement \u00e0 l&#8217;ap\u00e9ritif avec un verre de Champagne ou un Burgundy blanc. Elles font \u00e9galement un snack raffin\u00e9 au bureau, un cadeau gourmand \u00e0 offrir dans un coffret, ou une garniture \u00e9tonnante sur un tartare de th\u00f4n \u00e0 l&#8217;asiatique. Pour les amateurs de douceurs \u00e9labor\u00e9es, elles s&#8217;associent remarquablement \u00e0 un carr\u00e9 de chocolat noir \u00e0 70%.<\/p>\n<p>Contenu : 100g. \u00c0 conserver \u00e0 temp\u00e9rature ambiante dans un endroit frais et sec.<\/p>","protected":false},"excerpt":{"rendered":"<p>Diese Macadamian\u00fcsse sind nur leicht gesalzen. Sie sind mit schwarzem Tr\u00fcffel aromatisiert.<\/p>\n<p>Lagerung: Bei Raumtemperatur an einem k\u00fchlen, trockenen Ort lagern, gesch\u00fctzt vor Hitze, Feuchtigkeit und Geruchsquellen.<\/p>\n<p>Menge: 100 g<\/p>","protected":false},"featured_media":16301,"comment_status":"open","ping_status":"closed","template":"","meta":[],"product_brand":[],"product_cat":[69],"product_tag":[],"class_list":{"0":"post-13434","1":"product","2":"type-product","3":"status-publish","4":"has-post-thumbnail","6":"product_cat-a-lapero","8":"first","9":"instock","10":"taxable","11":"shipping-taxable","12":"purchasable","13":"product-type-simple"},"_links":{"self":[{"href":"https:\/\/www.gourmandisedeluxe.com\/de\/wp-json\/wp\/v2\/product\/13434","targetHints":{"allow":["GET"]}}],"collection":[{"href":"https:\/\/www.gourmandisedeluxe.com\/de\/wp-json\/wp\/v2\/product"}],"about":[{"href":"https:\/\/www.gourmandisedeluxe.com\/de\/wp-json\/wp\/v2\/types\/product"}],"replies":[{"embeddable":true,"href":"https:\/\/www.gourmandisedeluxe.com\/de\/wp-json\/wp\/v2\/comments?post=13434"}],"version-history":[{"count":0,"href":"https:\/\/www.gourmandisedeluxe.com\/de\/wp-json\/wp\/v2\/product\/13434\/revisions"}],"wp:featuredmedia":[{"embeddable":true,"href":"https:\/\/www.gourmandisedeluxe.com\/de\/wp-json\/wp\/v2\/media\/16301"}],"wp:attachment":[{"href":"https:\/\/www.gourmandisedeluxe.com\/de\/wp-json\/wp\/v2\/media?parent=13434"}],"wp:term":[{"taxonomy":"product_brand","embeddable":true,"href":"https:\/\/www.gourmandisedeluxe.com\/de\/wp-json\/wp\/v2\/product_brand?post=13434"},{"taxonomy":"product_cat","embeddable":true,"href":"https:\/\/www.gourmandisedeluxe.com\/de\/wp-json\/wp\/v2\/product_cat?post=13434"},{"taxonomy":"product_tag","embeddable":true,"href":"https:\/\/www.gourmandisedeluxe.com\/de\/wp-json\/wp\/v2\/product_tag?post=13434"}],"curies":[{"name":"wp","href":"https:\/\/api.w.org\/{rel}","templated":true}]}}