{"id":11706,"date":"2020-11-17T19:44:36","date_gmt":"2020-11-17T18:44:36","guid":{"rendered":"https:\/\/www.gourmandisedeluxe.com\/?post_type=product&#038;p=11706"},"modified":"2026-04-22T14:02:17","modified_gmt":"2026-04-22T12:02:17","slug":"blinis-pro-4","status":"publish","type":"product","link":"https:\/\/www.gourmandisedeluxe.com\/de\/blinis-par-4\/","title":{"rendered":"Blinis pro 4"},"content":{"rendered":"<p>Die Kaspia-Blinis sind die unverzichtbare Grundlage f\u00fcr alle Aperitifs des Hauses - die nat\u00fcrliche Unterlage f\u00fcr R\u00e4ucherlachs, Tarama, Lachseier und Kaviar. Sie werden in der Bretagne nach einem exklusiven Rezept mit frischen Eiern hergestellt und unterscheiden sich von industriell hergestellten Blinis durch ihre unvergleichliche Weichheit, ihre Leichtigkeit und ihren leicht buttrigen, milchigen Geschmack, der sie zu einer neutralen und eleganten Unterlage f\u00fcr die raffiniertesten Garnituren macht.<\/p>\n<p>Die bretonische Herkunft ist nicht unbedeutend: Die Bretagne ist eine der anspruchsvollsten Regionen Frankreichs, wenn es um Cr\u00eaperie und Eiernudeln geht. Die frischen Eier, die im exklusiven Kaspia-Rezept verwendet werden, verleihen den Blinis eine Reichhaltigkeit und Geschmeidigkeit, die gefriergetrocknete Versionen oder solche mit Eipulver nicht nachahmen k\u00f6nnen. Jeder Blini ist gleichm\u00e4\u00dfig dick und von gro\u00dfz\u00fcgiger Gr\u00f6\u00dfe, ideal f\u00fcr eine gepflegte Pr\u00e4sentation am Tisch.<\/p>\n<p>Wenn sie in einer trockenen Pfanne bei niedriger Hitze oder f\u00fcr ein paar Sekunden in der Mikrowelle erw\u00e4rmt werden, werden sie wieder weich und warm, um Tarama, handgeschnittenen Lachs, Cr\u00e8me fra\u00eeche und Lachseier aufzunehmen. Sie k\u00f6nnen auch kalt serviert werden, garniert mit Frischk\u00e4se und Graved Lachs Lax, f\u00fcr eine elegante skandinavische Version.<\/p>\n<p>Inhalt: 200g (4 Blinis). Zwischen 0\u00b0C und +4\u00b0C aufbewahren. Nach dem Auftauen nicht wieder einfrieren. Innerhalb von 48 Stunden verbrauchen.<\/p>","protected":false},"excerpt":{"rendered":"<p>Die <strong>Blinis<\/strong> werden in der Bretagne nach einem exklusiven Rezept mit frischen Eiern hergestellt, was ihnen einen einzigartigen Geschmack und eine unvergleichliche Weichheit verleiht. Kalt oder warm genie\u00dfen.<\/p>\n<p>KONSERVATION<br \/>\nBei 0 \u00b0C bis +4 \u00b0C lagern.<br \/>\nNach dem \u00d6ffnen innerhalb von 48 Stunden verbrauchen.<\/p>\n<p>Aufgetautes Produkt nicht wieder einfrieren.<\/p>\n<p><em>Menge: 200 g<\/em><br \/>\nPreis pro kg: 27,50 \u20ac<\/p>","protected":false},"featured_media":24510,"comment_status":"open","ping_status":"closed","template":"","meta":[],"product_brand":[],"product_cat":[144,146],"product_tag":[],"class_list":{"0":"post-11706","1":"product","2":"type-product","3":"status-publish","4":"has-post-thumbnail","6":"product_cat-a-lapero-kaspia","7":"product_cat-traiteur-kaspia","9":"first","10":"instock","11":"taxable","12":"shipping-taxable","13":"purchasable","14":"product-type-simple"},"_links":{"self":[{"href":"https:\/\/www.gourmandisedeluxe.com\/de\/wp-json\/wp\/v2\/product\/11706","targetHints":{"allow":["GET"]}}],"collection":[{"href":"https:\/\/www.gourmandisedeluxe.com\/de\/wp-json\/wp\/v2\/product"}],"about":[{"href":"https:\/\/www.gourmandisedeluxe.com\/de\/wp-json\/wp\/v2\/types\/product"}],"replies":[{"embeddable":true,"href":"https:\/\/www.gourmandisedeluxe.com\/de\/wp-json\/wp\/v2\/comments?post=11706"}],"version-history":[{"count":0,"href":"https:\/\/www.gourmandisedeluxe.com\/de\/wp-json\/wp\/v2\/product\/11706\/revisions"}],"wp:featuredmedia":[{"embeddable":true,"href":"https:\/\/www.gourmandisedeluxe.com\/de\/wp-json\/wp\/v2\/media\/24510"}],"wp:attachment":[{"href":"https:\/\/www.gourmandisedeluxe.com\/de\/wp-json\/wp\/v2\/media?parent=11706"}],"wp:term":[{"taxonomy":"product_brand","embeddable":true,"href":"https:\/\/www.gourmandisedeluxe.com\/de\/wp-json\/wp\/v2\/product_brand?post=11706"},{"taxonomy":"product_cat","embeddable":true,"href":"https:\/\/www.gourmandisedeluxe.com\/de\/wp-json\/wp\/v2\/product_cat?post=11706"},{"taxonomy":"product_tag","embeddable":true,"href":"https:\/\/www.gourmandisedeluxe.com\/de\/wp-json\/wp\/v2\/product_tag?post=11706"}],"curies":[{"name":"wp","href":"https:\/\/api.w.org\/{rel}","templated":true}]}}