{"id":11355,"date":"2020-11-14T21:18:16","date_gmt":"2020-11-14T20:18:16","guid":{"rendered":"https:\/\/www.miel-montet.com\/kaspia_new\/?post_type=product&#038;p=11355"},"modified":"2026-04-22T13:44:14","modified_gmt":"2026-04-22T11:44:14","slug":"chateau-lacombe-noaillac-bordeaux-rouge-medoc","status":"publish","type":"product","link":"https:\/\/www.gourmandisedeluxe.com\/de\/chateau-lacombe-noaillac-bordeaux-rouge-medoc\/","title":{"rendered":"Ch\u00e2teau Lacombe Noaillac 2016 Bordeaux Rot M\u00e9doc"},"content":{"rendered":"<p>Le Ch\u00e2teau Lacombe Noaillac 2016 est un Bordeaux Rouge M\u00e9doc s\u00e9lectionn\u00e9 par la Maison de la Truffe pour accompagner ses produits les plus nobles : truffes fra\u00eeches, charcuteries de qualit\u00e9, foie gras truff\u00e9 et fromages affin\u00e9s. C&#8217;est un Bourgeois M\u00e9doc de caract\u00e8re, n\u00e9 d&#8217;un terroir argilo-calcaire qui marque les vins en profondeur.<\/p>\n<p>Le mill\u00e9sime 2016 est consid\u00e9r\u00e9 comme l&#8217;un des meilleurs des derni\u00e8res ann\u00e9es dans le Bordelais : une saison s\u00e8che et chaude qui a produit des raisins concentr\u00e9s et aromatiques. Ce Lacombe Noaillac en est le t\u00e9moin : robe rubis intense, nez ouvert sur les fruits noirs (cassis, m\u00fbre, prune) avec des notes de bois toast\u00e9 et de c\u00e8dre, bouche \u00e0 la structure tannique pr\u00e9sente mais respectueuse du fruit.<\/p>\n<p>Il se marie particuli\u00e8rement bien avec le saucisson truff\u00e9, les noix \u00e0 la truffe noire, le foie gras ou un plateau de fromages de France affin\u00e9s. Il accompagne \u00e9galement une pi\u00e8ce de boeuf r\u00f4tie, un confit de canard ou un agneau en cro\u00fbte d&#8217;herbes. Un vin de gastronomie s\u00e9rieux \u00e0 un prix accessible.<\/p>\n<p>Format : 75 cl. Servir \u00e0 17\u00b0C. D\u00e9canter 30 minutes avant le service.<\/p>","protected":false},"excerpt":{"rendered":"<p><i>Menge: 75 cl<br \/>\n<\/i><em>Preis pro Liter: 34,67 \u20ac<\/em><\/p>","protected":false},"featured_media":16772,"comment_status":"open","ping_status":"closed","template":"","meta":[],"product_brand":[],"product_cat":[69],"product_tag":[],"class_list":{"0":"post-11355","1":"product","2":"type-product","3":"status-publish","4":"has-post-thumbnail","6":"product_cat-a-lapero","8":"first","9":"outofstock","10":"taxable","11":"shipping-taxable","12":"purchasable","13":"product-type-simple"},"_links":{"self":[{"href":"https:\/\/www.gourmandisedeluxe.com\/de\/wp-json\/wp\/v2\/product\/11355","targetHints":{"allow":["GET"]}}],"collection":[{"href":"https:\/\/www.gourmandisedeluxe.com\/de\/wp-json\/wp\/v2\/product"}],"about":[{"href":"https:\/\/www.gourmandisedeluxe.com\/de\/wp-json\/wp\/v2\/types\/product"}],"replies":[{"embeddable":true,"href":"https:\/\/www.gourmandisedeluxe.com\/de\/wp-json\/wp\/v2\/comments?post=11355"}],"version-history":[{"count":0,"href":"https:\/\/www.gourmandisedeluxe.com\/de\/wp-json\/wp\/v2\/product\/11355\/revisions"}],"wp:featuredmedia":[{"embeddable":true,"href":"https:\/\/www.gourmandisedeluxe.com\/de\/wp-json\/wp\/v2\/media\/16772"}],"wp:attachment":[{"href":"https:\/\/www.gourmandisedeluxe.com\/de\/wp-json\/wp\/v2\/media?parent=11355"}],"wp:term":[{"taxonomy":"product_brand","embeddable":true,"href":"https:\/\/www.gourmandisedeluxe.com\/de\/wp-json\/wp\/v2\/product_brand?post=11355"},{"taxonomy":"product_cat","embeddable":true,"href":"https:\/\/www.gourmandisedeluxe.com\/de\/wp-json\/wp\/v2\/product_cat?post=11355"},{"taxonomy":"product_tag","embeddable":true,"href":"https:\/\/www.gourmandisedeluxe.com\/de\/wp-json\/wp\/v2\/product_tag?post=11355"}],"curies":[{"name":"wp","href":"https:\/\/api.w.org\/{rel}","templated":true}]}}