{"id":11349,"date":"2020-11-14T21:16:51","date_gmt":"2020-11-14T20:16:51","guid":{"rendered":"https:\/\/www.miel-montet.com\/kaspia_new\/?post_type=product&#038;p=11349"},"modified":"2026-04-22T13:37:29","modified_gmt":"2026-04-22T11:37:29","slug":"dete-truffelchips","status":"publish","type":"product","link":"https:\/\/www.gourmandisedeluxe.com\/de\/chips-truffe-dete\/","title":{"rendered":"Sommertr\u00fcffel-Chips"},"content":{"rendered":"<p>Diese Sommertr\u00fcffelchips sind nicht die Chips, die man im normalen Handel findet. Sie sind dicker und knuspriger, werden aus ausgew\u00e4hlten Kartoffeln hergestellt und mit gefriergetrocknetem italienischem Tr\u00fcffel gew\u00fcrzt - ein Verfahren, das die Aromen und den Geschmack des Tr\u00fcffels bewahrt. <em>Tuber Aestivum<\/em> in ihrer ganzen Integrit\u00e4t - sie sind der ultimative Party-Aperitif.<\/p>\n<p>Die Gefriertrocknung der Tr\u00fcffel garantiert im Gegensatz zu einem einfachen k\u00fcnstlichen Geschmack, dass auf jedem Chip echte Sommertr\u00fcffel zu finden sind. Sein nussiger Duft nach frischen Pilzen und leichtem Unterholz vermischt sich mit dem fettigen und salzigen Reichtum der Chips und schafft so einen Snack mit sofortigem Suchtfaktor. Perfekt ausgewogener Text, unverwechselbares Aroma, ausgepr\u00e4gte Knusprigkeit.<\/p>\n<p>Sie eignen sich ideal als Aperitif mit einem Glas Champagner Brut Maison de la Truffe oder einem Cr\u00e9mant d'Alsace, k\u00f6nnen aber auch als knusprige, zerbr\u00f6selte Basis f\u00fcr eine samtige Suppe, als Garnitur f\u00fcr Tapas oder als Unterlage f\u00fcr einen L\u00f6ffel Tarama und eine Tr\u00e4ne Cr\u00e8me fra\u00eeche dienen. Ihre Verwendung geht weit \u00fcber den einfachen Snack hinaus.<\/p>\n<p>Inhalt: 45 g. An einem k\u00fchlen, trockenen und lichtgesch\u00fctzten Ort aufbewahren. Am besten am Tag der \u00d6ffnung verzehrt.<\/p>","protected":false},"excerpt":{"rendered":"<p>Unsere <strong>Tr\u00c3\u0192\u00c2\u00bcffelchips<\/strong> sind mit authentischer gefriergetrockneter italienischer Tr\u00fcffel gew\u00fcrzt.<\/p>\n<p>Unsere Chips sind dicker als normale Chips und sehr knusprig.<br \/>\nSie eignen sich hervorragend als Aperitif, k\u00f6nnen aber auch als Grundlage f\u00fcr Saucen, Tapas oder in Salaten verwendet werden.<\/p>\n<p>KONSERVATION<br \/>\nAn einem k\u00fchlen, trockenen Ort vor Licht gesch\u00fctzt aufbewahren.<br \/>\nMenge: 45 g<br \/>\nPreis pro Kilogramm: 77,77 \u20ac<\/p>","protected":false},"featured_media":16778,"comment_status":"open","ping_status":"closed","template":"","meta":[],"product_brand":[],"product_cat":[69],"product_tag":[],"class_list":{"0":"post-11349","1":"product","2":"type-product","3":"status-publish","4":"has-post-thumbnail","6":"product_cat-a-lapero","8":"first","9":"instock","10":"taxable","11":"shipping-taxable","12":"purchasable","13":"product-type-simple"},"_links":{"self":[{"href":"https:\/\/www.gourmandisedeluxe.com\/de\/wp-json\/wp\/v2\/product\/11349","targetHints":{"allow":["GET"]}}],"collection":[{"href":"https:\/\/www.gourmandisedeluxe.com\/de\/wp-json\/wp\/v2\/product"}],"about":[{"href":"https:\/\/www.gourmandisedeluxe.com\/de\/wp-json\/wp\/v2\/types\/product"}],"replies":[{"embeddable":true,"href":"https:\/\/www.gourmandisedeluxe.com\/de\/wp-json\/wp\/v2\/comments?post=11349"}],"version-history":[{"count":0,"href":"https:\/\/www.gourmandisedeluxe.com\/de\/wp-json\/wp\/v2\/product\/11349\/revisions"}],"wp:featuredmedia":[{"embeddable":true,"href":"https:\/\/www.gourmandisedeluxe.com\/de\/wp-json\/wp\/v2\/media\/16778"}],"wp:attachment":[{"href":"https:\/\/www.gourmandisedeluxe.com\/de\/wp-json\/wp\/v2\/media?parent=11349"}],"wp:term":[{"taxonomy":"product_brand","embeddable":true,"href":"https:\/\/www.gourmandisedeluxe.com\/de\/wp-json\/wp\/v2\/product_brand?post=11349"},{"taxonomy":"product_cat","embeddable":true,"href":"https:\/\/www.gourmandisedeluxe.com\/de\/wp-json\/wp\/v2\/product_cat?post=11349"},{"taxonomy":"product_tag","embeddable":true,"href":"https:\/\/www.gourmandisedeluxe.com\/de\/wp-json\/wp\/v2\/product_tag?post=11349"}],"curies":[{"name":"wp","href":"https:\/\/api.w.org\/{rel}","templated":true}]}}