{"id":3,"date":"2020-11-05T14:22:10","date_gmt":"2020-11-05T14:22:10","guid":{"rendered":"https:\/\/www.miel-montet.com\/kaspia_new\/?page_id=3"},"modified":"2020-11-11T19:26:29","modified_gmt":"2020-11-11T18:26:29","slug":"datenschutzrichtlinie","status":"publish","type":"page","link":"https:\/\/www.gourmandisedeluxe.com\/de\/politique-de-confidentialite\/","title":{"rendered":"Datenschutzerkl\u00e4rung"},"content":{"rendered":"<div data-elementor-type=\"wp-page\" data-elementor-id=\"3\" class=\"elementor elementor-3\">\n\t\t\t\t\t\t<section class=\"wd-negative-gap elementor-section elementor-top-section elementor-element elementor-element-6e922ee elementor-section-boxed elementor-section-height-default elementor-section-height-default\" data-id=\"6e922ee\" data-element_type=\"section\" data-e-type=\"section\">\n\t\t\t\t\t\t<div class=\"elementor-container elementor-column-gap-default\">\n\t\t\t\t\t<div class=\"elementor-column elementor-col-100 elementor-top-column elementor-element elementor-element-9a6fc3b\" data-id=\"9a6fc3b\" data-element_type=\"column\" data-e-type=\"column\">\n\t\t\t<div class=\"elementor-widget-wrap elementor-element-populated\">\n\t\t\t\t\t\t<div class=\"elementor-element elementor-element-8e92f2f elementor-widget elementor-widget-heading\" data-id=\"8e92f2f\" data-element_type=\"widget\" data-e-type=\"widget\" data-widget_type=\"heading.default\">\n\t\t\t\t<div class=\"elementor-widget-container\">\n\t\t\t\t\t<h2 class=\"elementor-heading-title elementor-size-default\">Datenschutz \u2013 Schutz der Privatsph\u00e4re<\/h2>\t\t\t\t<\/div>\n\t\t\t\t<\/div>\n\t\t\t\t\t<\/div>\n\t\t<\/div>\n\t\t\t\t\t<\/div>\n\t\t<\/section>\n\t\t\t\t<section class=\"wd-negative-gap elementor-section elementor-top-section elementor-element elementor-element-25a9770 elementor-section-boxed elementor-section-height-default elementor-section-height-default\" data-id=\"25a9770\" data-element_type=\"section\" data-e-type=\"section\">\n\t\t\t\t\t\t<div class=\"elementor-container elementor-column-gap-default\">\n\t\t\t\t\t<div class=\"elementor-column elementor-col-100 elementor-top-column elementor-element elementor-element-849830f\" data-id=\"849830f\" data-element_type=\"column\" data-e-type=\"column\">\n\t\t\t<div class=\"elementor-widget-wrap elementor-element-populated\">\n\t\t\t\t\t\t<div class=\"elementor-element elementor-element-7e7befb color-scheme-inherit text-left elementor-widget elementor-widget-text-editor\" data-id=\"7e7befb\" data-element_type=\"widget\" data-e-type=\"widget\" data-widget_type=\"text-editor.default\">\n\t\t\t\t<div class=\"elementor-widget-container\">\n\t\t\t\t\t\t\t\t\t<p>Recht auf Zugang: Gem\u00e4\u00df dem franz\u00f6sischen Datenschutzgesetz Nr. 78-17 vom 6. Januar 1978 in seiner ge\u00e4nderten Fassung und den Bestimmungen der Artikel 15 bis 20 der Datenschutz-Grundverordnung Nr. 2016\/679 vom 27. April 2016 werden die personenbezogenen Daten, die Sie uns \u00fcbermitteln, unter Bedingungen verarbeitet und gespeichert, die die Sicherheit dieser Informationen gew\u00e4hrleisten.<\/p>\t\t\t\t\t\t\t\t<\/div>\n\t\t\t\t<\/div>\n\t\t\t\t\t<\/div>\n\t\t<\/div>\n\t\t\t\t\t<\/div>\n\t\t<\/section>\n\t\t\t\t<section class=\"wd-negative-gap elementor-section elementor-top-section elementor-element elementor-element-0bf1633 elementor-section-boxed elementor-section-height-default elementor-section-height-default\" data-id=\"0bf1633\" data-element_type=\"section\" data-e-type=\"section\">\n\t\t\t\t\t\t<div class=\"elementor-container elementor-column-gap-default\">\n\t\t\t\t\t<div class=\"elementor-column elementor-col-100 elementor-top-column elementor-element elementor-element-a780ee9\" data-id=\"a780ee9\" data-element_type=\"column\" data-e-type=\"column\">\n\t\t\t<div class=\"elementor-widget-wrap elementor-element-populated\">\n\t\t\t\t\t\t<div class=\"elementor-element elementor-element-7d591da elementor-widget elementor-widget-heading\" data-id=\"7d591da\" data-element_type=\"widget\" data-e-type=\"widget\" data-widget_type=\"heading.default\">\n\t\t\t\t<div class=\"elementor-widget-container\">\n\t\t\t\t\t<h2 class=\"elementor-heading-title elementor-size-default\">Sie haben das Recht auf Zugang und Berichtigung Ihrer personenbezogenen Daten.<\/h2>\t\t\t\t<\/div>\n\t\t\t\t<\/div>\n\t\t\t\t\t<\/div>\n\t\t<\/div>\n\t\t\t\t\t<\/div>\n\t\t<\/section>\n\t\t\t\t<section class=\"wd-negative-gap elementor-section elementor-top-section elementor-element elementor-element-86fc6a0 elementor-section-boxed elementor-section-height-default elementor-section-height-default\" data-id=\"86fc6a0\" data-element_type=\"section\" data-e-type=\"section\">\n\t\t\t\t\t\t<div class=\"elementor-container elementor-column-gap-default\">\n\t\t\t\t\t<div class=\"elementor-column elementor-col-100 elementor-top-column elementor-element elementor-element-341171e\" data-id=\"341171e\" data-element_type=\"column\" data-e-type=\"column\">\n\t\t\t<div class=\"elementor-widget-wrap elementor-element-populated\">\n\t\t\t\t\t\t<div class=\"elementor-element elementor-element-4acd31f color-scheme-inherit text-left elementor-widget elementor-widget-text-editor\" data-id=\"4acd31f\" data-element_type=\"widget\" data-e-type=\"widget\" data-widget_type=\"text-editor.default\">\n\t\t\t\t<div class=\"elementor-widget-container\">\n\t\t\t\t\t\t\t\t\t<p>Wenn Sie dieses Recht aus\u00fcben m\u00f6chten, senden Sie uns einfach Ihren Antrag per Post an folgende Adresse:<\/p><p>TR\u00c3\u0192\u00c5\u201cFFELHAUS\u00a0<br \/>19 place de la Madeleine\u00a0<br \/>75008 Paris \u2013 Frankreich<\/p><p>oder per E-Mail an folgende Adresse: <a href=\"mailto:boutique@caviarkaspia.com\" target=\"_blank\" rel=\"noopener noreferrer\">boutique@caviarkaspia.com<\/a>.<\/p>\t\t\t\t\t\t\t\t<\/div>\n\t\t\t\t<\/div>\n\t\t\t\t\t<\/div>\n\t\t<\/div>\n\t\t\t\t\t<\/div>\n\t\t<\/section>\n\t\t\t\t<section class=\"wd-negative-gap elementor-section elementor-top-section elementor-element elementor-element-23fac17 elementor-section-boxed elementor-section-height-default elementor-section-height-default\" data-id=\"23fac17\" data-element_type=\"section\" data-e-type=\"section\">\n\t\t\t\t\t\t<div class=\"elementor-container elementor-column-gap-default\">\n\t\t\t\t\t<div class=\"elementor-column elementor-col-100 elementor-top-column elementor-element elementor-element-8ff27f6\" data-id=\"8ff27f6\" data-element_type=\"column\" data-e-type=\"column\">\n\t\t\t<div class=\"elementor-widget-wrap elementor-element-populated\">\n\t\t\t\t\t\t<div class=\"elementor-element elementor-element-eaa0c08 elementor-widget elementor-widget-heading\" data-id=\"eaa0c08\" data-element_type=\"widget\" data-e-type=\"widget\" data-widget_type=\"heading.default\">\n\t\t\t\t<div class=\"elementor-widget-container\">\n\t\t\t\t\t<h2 class=\"elementor-heading-title elementor-size-default\">Verwendung personenbezogener Daten<\/h2>\t\t\t\t<\/div>\n\t\t\t\t<\/div>\n\t\t\t\t\t<\/div>\n\t\t<\/div>\n\t\t\t\t\t<\/div>\n\t\t<\/section>\n\t\t\t\t<section class=\"wd-negative-gap elementor-section elementor-top-section elementor-element elementor-element-9cfd432 elementor-section-boxed elementor-section-height-default elementor-section-height-default\" data-id=\"9cfd432\" data-element_type=\"section\" data-e-type=\"section\">\n\t\t\t\t\t\t<div class=\"elementor-container elementor-column-gap-default\">\n\t\t\t\t\t<div class=\"elementor-column elementor-col-100 elementor-top-column elementor-element elementor-element-c6c80f4\" data-id=\"c6c80f4\" data-element_type=\"column\" data-e-type=\"column\">\n\t\t\t<div class=\"elementor-widget-wrap elementor-element-populated\">\n\t\t\t\t\t\t<div class=\"elementor-element elementor-element-f3e873c color-scheme-inherit text-left elementor-widget elementor-widget-text-editor\" data-id=\"f3e873c\" data-element_type=\"widget\" data-e-type=\"widget\" data-widget_type=\"text-editor.default\">\n\t\t\t\t<div class=\"elementor-widget-container\">\n\t\t\t\t\t\t\t\t\t<p>Unter Einhaltung der angegebenen Zwecke kann MAISON DE LA TRUFFE Ihre personenbezogenen Daten im Rahmen von kommerziellen Aktivit\u00e4ten per E-Mail verwenden. Um sich aus unseren Verteilerlisten auszutragen, klicken Sie auf den Link am Ende unserer E-Mails oder auf den folgenden Link oder schreiben Sie eine E-Mail an folgende Adresse: <a href=\"mailto:boutique@caviarkaspia.com\" target=\"_blank\" rel=\"noopener noreferrer\">boutique@caviarkaspia.com<\/a>.<\/p><p>Bei Ihrem Besuch auf der Website gourmandisedeluxe.com sammelt unsere Website mithilfe der auf Ihrem Computer aktivierten Software (Cookies) Daten zu den Daten, den aufgerufenen Seiten, der Dauer des Besuchs usw. sowie die IP-Adresse Ihres Computers, den Internetdienstanbieter, die Suchmaschine und den Link zu diesem Besuch.<br \/>Diese Erfassung erm\u00f6glicht es uns, die Ergonomie unserer Website zu verbessern. Sie k\u00f6nnen diese Erfassung verhindern, indem Sie Cookies in Ihrem Browser deaktivieren. Auch wenn diese Funktion deaktiviert ist, k\u00f6nnen Sie die Website gourmandisedeluxe.com normal aufrufen.<\/p>\t\t\t\t\t\t\t\t<\/div>\n\t\t\t\t<\/div>\n\t\t\t\t\t<\/div>\n\t\t<\/div>\n\t\t\t\t\t<\/div>\n\t\t<\/section>\n\t\t\t\t<section class=\"wd-negative-gap elementor-section elementor-top-section elementor-element elementor-element-035d609 elementor-section-boxed elementor-section-height-default elementor-section-height-default\" data-id=\"035d609\" data-element_type=\"section\" data-e-type=\"section\">\n\t\t\t\t\t\t<div class=\"elementor-container elementor-column-gap-default\">\n\t\t\t\t\t<div class=\"elementor-column elementor-col-100 elementor-top-column elementor-element elementor-element-e88659e\" data-id=\"e88659e\" data-element_type=\"column\" data-e-type=\"column\">\n\t\t\t<div class=\"elementor-widget-wrap elementor-element-populated\">\n\t\t\t\t\t\t<div class=\"elementor-element elementor-element-51e4517 elementor-widget elementor-widget-heading\" data-id=\"51e4517\" data-element_type=\"widget\" data-e-type=\"widget\" data-widget_type=\"heading.default\">\n\t\t\t\t<div class=\"elementor-widget-container\">\n\t\t\t\t\t<h2 class=\"elementor-heading-title elementor-size-default\">Bankkarten<\/h2>\t\t\t\t<\/div>\n\t\t\t\t<\/div>\n\t\t\t\t\t<\/div>\n\t\t<\/div>\n\t\t\t\t\t<\/div>\n\t\t<\/section>\n\t\t\t\t<section class=\"wd-negative-gap elementor-section elementor-top-section elementor-element elementor-element-bf96a39 elementor-section-boxed elementor-section-height-default elementor-section-height-default\" data-id=\"bf96a39\" data-element_type=\"section\" data-e-type=\"section\">\n\t\t\t\t\t\t<div class=\"elementor-container elementor-column-gap-default\">\n\t\t\t\t\t<div class=\"elementor-column elementor-col-100 elementor-top-column elementor-element elementor-element-0d4275b\" data-id=\"0d4275b\" data-element_type=\"column\" data-e-type=\"column\">\n\t\t\t<div class=\"elementor-widget-wrap elementor-element-populated\">\n\t\t\t\t\t\t<div class=\"elementor-element elementor-element-cb6100f color-scheme-inherit text-left elementor-widget elementor-widget-text-editor\" data-id=\"cb6100f\" data-element_type=\"widget\" data-e-type=\"widget\" data-widget_type=\"text-editor.default\">\n\t\t\t\t<div class=\"elementor-widget-container\">\n\t\t\t\t\t\t\t\t\t<p>MAISON DE LA TRUFFE speichert keine Kreditkartennummern.<\/p>\t\t\t\t\t\t\t\t<\/div>\n\t\t\t\t<\/div>\n\t\t\t\t\t<\/div>\n\t\t<\/div>\n\t\t\t\t\t<\/div>\n\t\t<\/section>\n\t\t\t\t<section class=\"wd-negative-gap elementor-section elementor-top-section elementor-element elementor-element-c4fdd7b elementor-section-boxed elementor-section-height-default elementor-section-height-default\" data-id=\"c4fdd7b\" data-element_type=\"section\" data-e-type=\"section\">\n\t\t\t\t\t\t<div class=\"elementor-container elementor-column-gap-default\">\n\t\t\t\t\t<div class=\"elementor-column elementor-col-100 elementor-top-column elementor-element elementor-element-b30a08b\" data-id=\"b30a08b\" data-element_type=\"column\" data-e-type=\"column\">\n\t\t\t<div class=\"elementor-widget-wrap elementor-element-populated\">\n\t\t\t\t\t\t<div class=\"elementor-element elementor-element-44a4826 elementor-widget elementor-widget-heading\" data-id=\"44a4826\" data-element_type=\"widget\" data-e-type=\"widget\" data-widget_type=\"heading.default\">\n\t\t\t\t<div class=\"elementor-widget-container\">\n\t\t\t\t\t<h2 class=\"elementor-heading-title elementor-size-default\">Bereitstellung der Daten<\/h2>\t\t\t\t<\/div>\n\t\t\t\t<\/div>\n\t\t\t\t\t<\/div>\n\t\t<\/div>\n\t\t\t\t\t<\/div>\n\t\t<\/section>\n\t\t\t\t<section class=\"wd-negative-gap elementor-section elementor-top-section elementor-element elementor-element-e3b1114 elementor-section-boxed elementor-section-height-default elementor-section-height-default\" data-id=\"e3b1114\" data-element_type=\"section\" data-e-type=\"section\">\n\t\t\t\t\t\t<div class=\"elementor-container elementor-column-gap-default\">\n\t\t\t\t\t<div class=\"elementor-column elementor-col-100 elementor-top-column elementor-element elementor-element-4fa580e\" data-id=\"4fa580e\" data-element_type=\"column\" data-e-type=\"column\">\n\t\t\t<div class=\"elementor-widget-wrap elementor-element-populated\">\n\t\t\t\t\t\t<div class=\"elementor-element elementor-element-90cc647 color-scheme-inherit text-left elementor-widget elementor-widget-text-editor\" data-id=\"90cc647\" data-element_type=\"widget\" data-e-type=\"widget\" data-widget_type=\"text-editor.default\">\n\t\t\t\t<div class=\"elementor-widget-container\">\n\t\t\t\t\t\t\t\t\t<p>MAISON DE LA TRUFFE kann im Rahmen seiner gesch\u00e4ftlichen Entwicklung und im Rahmen spezifischer Vereinbarungen bestimmte Daten aus seiner Kundendatenbank Dritten zur Verf\u00fcgung stellen. Wir k\u00f6nnen Ihnen kommerzielle Angebote sowie Angebote anderer Unternehmen auf jedem Wege, einschlie\u00dflich per E-Mail, zusenden.<\/p><p>Wenn Sie zuvor noch keinen Widerspruch eingelegt haben, k\u00f6nnen Sie dies jederzeit tun. Um dieses Recht auszu\u00fcben, senden Sie uns einfach Ihren Antrag per Post an folgende Adresse:<\/p><p>TR\u00c3\u0192\u00c5\u201cFFELHAUS <br \/>19 place de la Madeleine\u00a0<br \/>75008 Paris \u2013 Frankreich.<\/p>\t\t\t\t\t\t\t\t<\/div>\n\t\t\t\t<\/div>\n\t\t\t\t\t<\/div>\n\t\t<\/div>\n\t\t\t\t\t<\/div>\n\t\t<\/section>\n\t\t\t\t<\/div>","protected":false},"excerpt":{"rendered":"<p>Confidentialit\u00e9 des donn\u00e9es \u2013 protection de la vie priv\u00e9e Droit d\u2019acc\u00e8s: Conform\u00e9ment \u00e0 la loi fran\u00e7aise \u00ab Informatique et Libert\u00e9s<\/p>","protected":false},"author":1,"featured_media":0,"parent":0,"menu_order":0,"comment_status":"closed","ping_status":"open","template":"","meta":{"footnotes":""},"class_list":["post-3","page","type-page","status-publish","hentry"],"_links":{"self":[{"href":"https:\/\/www.gourmandisedeluxe.com\/de\/wp-json\/wp\/v2\/pages\/3","targetHints":{"allow":["GET"]}}],"collection":[{"href":"https:\/\/www.gourmandisedeluxe.com\/de\/wp-json\/wp\/v2\/pages"}],"about":[{"href":"https:\/\/www.gourmandisedeluxe.com\/de\/wp-json\/wp\/v2\/types\/page"}],"author":[{"embeddable":true,"href":"https:\/\/www.gourmandisedeluxe.com\/de\/wp-json\/wp\/v2\/users\/1"}],"replies":[{"embeddable":true,"href":"https:\/\/www.gourmandisedeluxe.com\/de\/wp-json\/wp\/v2\/comments?post=3"}],"version-history":[{"count":0,"href":"https:\/\/www.gourmandisedeluxe.com\/de\/wp-json\/wp\/v2\/pages\/3\/revisions"}],"wp:attachment":[{"href":"https:\/\/www.gourmandisedeluxe.com\/de\/wp-json\/wp\/v2\/media?parent=3"}],"curies":[{"name":"wp","href":"https:\/\/api.w.org\/{rel}","templated":true}]}}